{"id":984,"date":"2016-05-30T12:05:14","date_gmt":"2016-05-30T12:05:14","guid":{"rendered":"http:\/\/ndcompassion.com\/fr\/ambito-socio-sanitario\/"},"modified":"2016-11-18T13:20:31","modified_gmt":"2016-11-18T13:20:31","slug":"milieu-sociosanitaire","status":"publish","type":"page","link":"https:\/\/ndcompassion.com\/fr\/milieu-sociosanitaire\/","title":{"rendered":"Milieu sociosanitaire"},"content":{"rendered":"<p>[et_pb_section admin_label=\u00a0\u00bbsection\u00a0\u00bb][et_pb_row admin_label=\u00a0\u00bbFila\u00a0\u00bb][et_pb_column type=\u00a0\u00bb4_4&Prime;][et_pb_post_title admin_label=\u00a0\u00bbTitre de la publication\u00a0\u00bb title=\u00a0\u00bbon\u00a0\u00bb meta=\u00a0\u00bboff\u00a0\u00bb author=\u00a0\u00bbon\u00a0\u00bb date=\u00a0\u00bbon\u00a0\u00bb categories=\u00a0\u00bbon\u00a0\u00bb comments=\u00a0\u00bbon\u00a0\u00bb featured_image=\u00a0\u00bboff\u00a0\u00bb featured_placement=\u00a0\u00bbbelow\u00a0\u00bb parallax_effect=\u00a0\u00bbon\u00a0\u00bb parallax_method=\u00a0\u00bbon\u00a0\u00bb text_orientation=\u00a0\u00bbleft\u00a0\u00bb text_color=\u00a0\u00bbdark\u00a0\u00bb text_background=\u00a0\u00bboff\u00a0\u00bb text_bg_color=\u00a0\u00bbrgba(255,255,255,0.9)\u00a0\u00bb module_bg_color=\u00a0\u00bbrgba(255,255,255,0)\u00a0\u00bb title_all_caps=\u00a0\u00bbon\u00a0\u00bb use_border_color=\u00a0\u00bboff\u00a0\u00bb border_color=\u00a0\u00bb#ffffff\u00a0\u00bb border_style=\u00a0\u00bbsolid\u00a0\u00bb] [\/et_pb_post_title][et_pb_text admin_label=\u00a0\u00bbTexte Les foyers de soins\u00a0\u00bb background_layout=\u00a0\u00bblight\u00a0\u00bb text_orientation=\u00a0\u00bbleft\u00a0\u00bb use_border_color=\u00a0\u00bboff\u00a0\u00bb border_color=\u00a0\u00bb#ffffff\u00a0\u00bb border_style=\u00a0\u00bbsolid\u00a0\u00bb]<\/p>\n<h2>Les foyers de soins<\/h2>\n<p>[\/et_pb_text][\/et_pb_column][\/et_pb_row][et_pb_row admin_label=\u00a0\u00bbrow\u00a0\u00bb][et_pb_column type=\u00a0\u00bb1_3&Prime;][et_pb_image admin_label=\u00a0\u00bbImage r\u00e9sidence Association\u00a0\u00bb src=\u00a0\u00bbhttp:\/\/ndcompassion.com\/wp-content\/uploads\/2016\/05\/Casas-de-retiro-de-la-Asociaci\u00f3n-Compasion.jpg\u00a0\u00bb show_in_lightbox=\u00a0\u00bboff\u00a0\u00bb url_new_window=\u00a0\u00bboff\u00a0\u00bb use_overlay=\u00a0\u00bboff\u00a0\u00bb animation=\u00a0\u00bbleft\u00a0\u00bb sticky=\u00a0\u00bboff\u00a0\u00bb align=\u00a0\u00bbleft\u00a0\u00bb force_fullwidth=\u00a0\u00bboff\u00a0\u00bb always_center_on_mobile=\u00a0\u00bbon\u00a0\u00bb use_border_color=\u00a0\u00bboff\u00a0\u00bb border_color=\u00a0\u00bb#ffffff\u00a0\u00bb border_style=\u00a0\u00bbsolid\u00a0\u00bb] [\/et_pb_image][\/et_pb_column][et_pb_column type=\u00a0\u00bb2_3&Prime;][et_pb_text admin_label=\u00a0\u00bbTexte Maisons de Retraite de la Association\u00a0\u00bb background_layout=\u00a0\u00bblight\u00a0\u00bb text_orientation=\u00a0\u00bbleft\u00a0\u00bb use_border_color=\u00a0\u00bboff\u00a0\u00bb border_color=\u00a0\u00bb#ffffff\u00a0\u00bb border_style=\u00a0\u00bbsolid\u00a0\u00bb]<\/p>\n<h2>Maisons de Retraite de l\u00b4Association \u00ab\u00a0La Compassion\u00a0\u00bb (Oise, FRANCE)<\/h2>\n<p style=\"text-align: justify;\">L&rsquo;Association \u00abLa Compassion\u00bb fut cr\u00e9\u00e9e en juin 1990 pour poursuivre l\u2019\u0153uvre de la Congr\u00e9gation des S\u0153urs de Notre Dame de la Compassion, plus pr\u00e9cis\u00e9ment dans le d\u00e9partement de l&rsquo;Oise.<\/p>\n<p style=\"text-align: justify;\">Elle a son si\u00e8ge \u00e0 Beauvais et il s&rsquo;agit d&rsquo;une association de gestion d&rsquo;\u00e9tablissements d&rsquo;action sanitaire et sociale. Actuellement elle g\u00e8re les grandes maisons de retraite devenues EHPAD,\u00a0 fond\u00e9es historiquement par les s\u0153urs dans cette r\u00e9gion de France\u00a0: Beauvais, Chaumont-en-Vexin et Domfront ainsi que plusieurs autres qui se sont ajout\u00e9es ces derni\u00e8res ann\u00e9es.<\/p>\n<p>&nbsp;<\/p>\n<a href='http:\/\/www.lacompassion.fr\/' class='small-button smallsilver' target=\"_blank\">Visita la web<\/a>\n<p>[\/et_pb_text][\/et_pb_column][\/et_pb_row][et_pb_row admin_label=\u00a0\u00bbrow\u00a0\u00bb][et_pb_column type=\u00a0\u00bb1_3&Prime;][et_pb_image admin_label=\u00a0\u00bbImage EHPAD\u00a0\u00bb src=\u00a0\u00bbhttp:\/\/ndcompassion.com\/wp-content\/uploads\/2016\/05\/EHPAD.jpg\u00a0\u00bb show_in_lightbox=\u00a0\u00bboff\u00a0\u00bb url_new_window=\u00a0\u00bboff\u00a0\u00bb use_overlay=\u00a0\u00bboff\u00a0\u00bb animation=\u00a0\u00bbleft\u00a0\u00bb sticky=\u00a0\u00bboff\u00a0\u00bb align=\u00a0\u00bbleft\u00a0\u00bb force_fullwidth=\u00a0\u00bboff\u00a0\u00bb always_center_on_mobile=\u00a0\u00bbon\u00a0\u00bb use_border_color=\u00a0\u00bboff\u00a0\u00bb border_color=\u00a0\u00bb#ffffff\u00a0\u00bb border_style=\u00a0\u00bbsolid\u00a0\u00bb alt=\u00a0\u00bbImage EHPAD\u00a0\u00bb] [\/et_pb_image][\/et_pb_column][et_pb_column type=\u00a0\u00bb2_3&Prime;][et_pb_text admin_label=\u00a0\u00bbTexte residence EPHAD Maurice Garrigou\u00a0\u00bb background_layout=\u00a0\u00bblight\u00a0\u00bb text_orientation=\u00a0\u00bbleft\u00a0\u00bb use_border_color=\u00a0\u00bboff\u00a0\u00bb border_color=\u00a0\u00bb#ffffff\u00a0\u00bb border_style=\u00a0\u00bbsolid\u00a0\u00bb]<\/p>\n<h2>EPHAD \u00ab\u00a0Maurice Garrigou\u00a0\u00bb (Toulouse, FRANCE)<\/h2>\n<p style=\"text-align: justify;\">En France on appelle EPHAD un \u00e9tablissement m\u00e9dicalis\u00e9 qui accueille des personnes \u00e2g\u00e9es d\u00e9pendantes. En 2007 suite \u00e0 de grosses r\u00e9formes institutionnelles, une grande partie des b\u00e2timents de la maison M\u00e8re a \u00e9t\u00e9 transform\u00e9 en si\u00e8ge de l&rsquo;EPHAD \u00ab\u00a0Maurice Garrigou\u00a0\u00bb g\u00e9r\u00e9 par l&rsquo;association du m\u00eame nom.<\/p>\n<p style=\"text-align: justify;\">Situ\u00e9 en plein centre ville comme une petite\u00a0 oasis de verdure et de tranquillit\u00e9, ses 31 chambres sont actuellement occup\u00e9es en grande partie, par des s\u0153urs de la congr\u00e9gation qui cohabitent avec d&rsquo;autres r\u00e9sidentes en partageant avec elles les nombreux services et soins de l&rsquo;\u00e9tablissement.<\/p>\n<p>&nbsp;<\/p>\n<a href='http:\/\/maison-retraite.ehpadhospiconseil.fr\/ehpad\/310016738\/ehpad-maurice-garrigou-toulouse' class='small-button smallsilver' target=\"_blank\">Visita la web<\/a>\n<p>[\/et_pb_text][\/et_pb_column][\/et_pb_row][et_pb_row admin_label=\u00a0\u00bbFila\u00a0\u00bb][et_pb_column type=\u00a0\u00bb4_4&Prime;][et_pb_text admin_label=\u00a0\u00bbTexte Centre de sant\u00e9\u00a0\u00bb background_layout=\u00a0\u00bblight\u00a0\u00bb text_orientation=\u00a0\u00bbleft\u00a0\u00bb use_border_color=\u00a0\u00bboff\u00a0\u00bb border_color=\u00a0\u00bb#ffffff\u00a0\u00bb border_style=\u00a0\u00bbsolid\u00a0\u00bb]<\/p>\n<h2>Centre de sant\u00e9<\/h2>\n<p>[\/et_pb_text][\/et_pb_column][\/et_pb_row][et_pb_row admin_label=\u00a0\u00bbrow\u00a0\u00bb][et_pb_column type=\u00a0\u00bb1_3&Prime;][et_pb_image admin_label=\u00a0\u00bbImage Maternidad en Cameroun\u00a0\u00bb src=\u00a0\u00bbhttp:\/\/ndcompassion.com\/wp-content\/uploads\/2016\/05\/Dispensario.jpg\u00a0\u00bb show_in_lightbox=\u00a0\u00bboff\u00a0\u00bb url_new_window=\u00a0\u00bboff\u00a0\u00bb use_overlay=\u00a0\u00bboff\u00a0\u00bb animation=\u00a0\u00bbleft\u00a0\u00bb sticky=\u00a0\u00bboff\u00a0\u00bb align=\u00a0\u00bbcenter\u00a0\u00bb force_fullwidth=\u00a0\u00bboff\u00a0\u00bb always_center_on_mobile=\u00a0\u00bbon\u00a0\u00bb use_border_color=\u00a0\u00bboff\u00a0\u00bb border_color=\u00a0\u00bb#ffffff\u00a0\u00bb border_style=\u00a0\u00bbsolid\u00a0\u00bb alt=\u00a0\u00bbMaternit\u00e9 au Cameroun\u00a0\u00bb] [\/et_pb_image][\/et_pb_column][et_pb_column type=\u00a0\u00bb2_3&Prime;][et_pb_text admin_label=\u00a0\u00bbTexte Centre de Sant\u00e9 Camer\u00fan\u00a0\u00bb background_layout=\u00a0\u00bblight\u00a0\u00bb text_orientation=\u00a0\u00bbleft\u00a0\u00bb use_border_color=\u00a0\u00bboff\u00a0\u00bb border_color=\u00a0\u00bb#ffffff\u00a0\u00bb border_style=\u00a0\u00bbsolid\u00a0\u00bb]<\/p>\n<h2>Centre de Sant\u00e9 \u00a0\u00ab\u00a0Notre Damme de la Compassion\u00a0\u00bb (Mimboman\/Yaound\u00e9, CAMEROUN)<\/h2>\n<p style=\"text-align: justify;\">Ce centre de sant\u00e9, est situ\u00e9 dans le quartier de Mimboman \u00e0 Yaound\u00e9, la capitale du Cameroun et a commenc\u00e9 \u00e0 fonctionner en 1987, dans le but de d\u00e9velopper le travail de pr\u00e9vention et de soin dans le secteur de la sant\u00e9 commenc\u00e9 par les s\u0153urs depuis leur arriv\u00e9e dans ce pays en 1965.\u00a0 Ce centre propose des services vari\u00e9s de sant\u00e9 de base, de consultations externes de m\u00e9decine g\u00e9n\u00e9rale, d&rsquo;ophtalmologie, d&rsquo;infirmerie, de soins dentaires, et un service sp\u00e9cialis\u00e9 dans la protection m\u00e8re-enfant avec un service d&rsquo;\u00e9chographie pr\u00e9natale.<\/p>\n<p style=\"text-align: justify;\">En plus, le centre dispose d&rsquo;une pharmacie, d&rsquo;un bon laboratoire d&rsquo;analyses cliniques et a comme projet l&rsquo;augmentation des services pour r\u00e9pondre de mani\u00e8re compl\u00e8te aux besoins dans le secteur m\u00e8re-enfant en souhaitant construire une maternit\u00e9. Actuellement nous recherchons des financements pour pouvoir construire ce b\u00e2timent qui accueillera cette maternit\u00e9.<\/p>\n<p>[\/et_pb_text][\/et_pb_column][\/et_pb_row][\/et_pb_section]<\/p>\n","protected":false},"excerpt":{"rendered":"<p>Les foyers de soins Maisons de Retraite de l\u00b4Association \u00ab\u00a0La Compassion\u00a0\u00bb (Oise, FRANCE) L&rsquo;Association \u00abLa Compassion\u00bb fut cr\u00e9\u00e9e en juin 1990 pour poursuivre l\u2019\u0153uvre de la Congr\u00e9gation des S\u0153urs de Notre Dame de la Compassion, plus pr\u00e9cis\u00e9ment dans le d\u00e9partement de l&rsquo;Oise. Elle a son si\u00e8ge \u00e0 Beauvais et il s&rsquo;agit d&rsquo;une association de gestion [&hellip;]<\/p>\n","protected":false},"author":1,"featured_media":0,"parent":0,"menu_order":0,"comment_status":"closed","ping_status":"closed","template":"","meta":{"_et_pb_use_builder":"on","_et_pb_old_content":"","_et_gb_content_width":"","footnotes":""},"class_list":["post-984","page","type-page","status-publish","hentry"],"_links":{"self":[{"href":"https:\/\/ndcompassion.com\/fr\/wp-json\/wp\/v2\/pages\/984","targetHints":{"allow":["GET"]}}],"collection":[{"href":"https:\/\/ndcompassion.com\/fr\/wp-json\/wp\/v2\/pages"}],"about":[{"href":"https:\/\/ndcompassion.com\/fr\/wp-json\/wp\/v2\/types\/page"}],"author":[{"embeddable":true,"href":"https:\/\/ndcompassion.com\/fr\/wp-json\/wp\/v2\/users\/1"}],"replies":[{"embeddable":true,"href":"https:\/\/ndcompassion.com\/fr\/wp-json\/wp\/v2\/comments?post=984"}],"version-history":[{"count":9,"href":"https:\/\/ndcompassion.com\/fr\/wp-json\/wp\/v2\/pages\/984\/revisions"}],"predecessor-version":[{"id":989,"href":"https:\/\/ndcompassion.com\/fr\/wp-json\/wp\/v2\/pages\/984\/revisions\/989"}],"wp:attachment":[{"href":"https:\/\/ndcompassion.com\/fr\/wp-json\/wp\/v2\/media?parent=984"}],"curies":[{"name":"wp","href":"https:\/\/api.w.org\/{rel}","templated":true}]}}