{"id":1057,"date":"2016-05-30T12:22:39","date_gmt":"2016-05-30T12:22:39","guid":{"rendered":"http:\/\/ndcompassion.com\/fr\/voluntariado-internacional\/"},"modified":"2017-04-14T00:30:42","modified_gmt":"2017-04-14T00:30:42","slug":"volontariat-international","status":"publish","type":"page","link":"https:\/\/ndcompassion.com\/fr\/volontariat-international\/","title":{"rendered":"Volontariat International"},"content":{"rendered":"<p>[et_pb_section admin_label=\u00a0\u00bbsection\u00a0\u00bb][et_pb_row admin_label=\u00a0\u00bbFila\u00a0\u00bb][et_pb_column type=\u00a0\u00bb4_4&Prime;][et_pb_post_title admin_label=\u00a0\u00bbT\u00edtulo de publicaci\u00f3n\u00a0\u00bb title=\u00a0\u00bbon\u00a0\u00bb meta=\u00a0\u00bboff\u00a0\u00bb author=\u00a0\u00bbon\u00a0\u00bb date=\u00a0\u00bbon\u00a0\u00bb categories=\u00a0\u00bbon\u00a0\u00bb comments=\u00a0\u00bbon\u00a0\u00bb featured_image=\u00a0\u00bboff\u00a0\u00bb featured_placement=\u00a0\u00bbbelow\u00a0\u00bb parallax_effect=\u00a0\u00bbon\u00a0\u00bb parallax_method=\u00a0\u00bbon\u00a0\u00bb text_orientation=\u00a0\u00bbleft\u00a0\u00bb text_color=\u00a0\u00bbdark\u00a0\u00bb text_background=\u00a0\u00bboff\u00a0\u00bb text_bg_color=\u00a0\u00bbrgba(255,255,255,0.9)\u00a0\u00bb module_bg_color=\u00a0\u00bbrgba(255,255,255,0)\u00a0\u00bb title_all_caps=\u00a0\u00bbon\u00a0\u00bb use_border_color=\u00a0\u00bboff\u00a0\u00bb border_color=\u00a0\u00bb#ffffff\u00a0\u00bb border_style=\u00a0\u00bbsolid\u00a0\u00bb] [\/et_pb_post_title][\/et_pb_column][\/et_pb_row][et_pb_row admin_label=\u00a0\u00bbFila\u00a0\u00bb][et_pb_column type=\u00a0\u00bb1_3&Prime;][et_pb_image admin_label=\u00a0\u00bbImage Compassion prend en\u00a0\u00bb src=\u00a0\u00bbhttp:\/\/ndcompassion.com\/wp-content\/uploads\/2016\/05\/Apoyo-escolar-en-Picota_325.jpg\u00a0\u00bb show_in_lightbox=\u00a0\u00bboff\u00a0\u00bb url_new_window=\u00a0\u00bboff\u00a0\u00bb use_overlay=\u00a0\u00bboff\u00a0\u00bb animation=\u00a0\u00bbleft\u00a0\u00bb sticky=\u00a0\u00bboff\u00a0\u00bb align=\u00a0\u00bbleft\u00a0\u00bb force_fullwidth=\u00a0\u00bboff\u00a0\u00bb always_center_on_mobile=\u00a0\u00bbon\u00a0\u00bb use_border_color=\u00a0\u00bboff\u00a0\u00bb border_color=\u00a0\u00bb#ffffff\u00a0\u00bb border_style=\u00a0\u00bbsolid\u00a0\u00bb alt=\u00a0\u00bbCompassion prend en\u00a0\u00bb] [\/et_pb_image][\/et_pb_column][et_pb_column type=\u00a0\u00bb1_3&Prime;][et_pb_image admin_label=\u00a0\u00bbImage Terre est notre maison\u00a0\u00bb src=\u00a0\u00bbhttp:\/\/ndcompassion.com\/wp-content\/uploads\/2016\/05\/La-Tierra-nuestra-casa-comun.jpg\u00a0\u00bb show_in_lightbox=\u00a0\u00bboff\u00a0\u00bb url_new_window=\u00a0\u00bboff\u00a0\u00bb use_overlay=\u00a0\u00bboff\u00a0\u00bb animation=\u00a0\u00bbleft\u00a0\u00bb sticky=\u00a0\u00bboff\u00a0\u00bb align=\u00a0\u00bbleft\u00a0\u00bb force_fullwidth=\u00a0\u00bboff\u00a0\u00bb always_center_on_mobile=\u00a0\u00bbon\u00a0\u00bb use_border_color=\u00a0\u00bboff\u00a0\u00bb border_color=\u00a0\u00bb#ffffff\u00a0\u00bb border_style=\u00a0\u00bbsolid\u00a0\u00bb alt=\u00a0\u00bbTerre est notre maison\u00a0\u00bb] [\/et_pb_image][\/et_pb_column][et_pb_column type=\u00a0\u00bb1_3&Prime;][et_pb_image admin_label=\u00a0\u00bbImage Pour un monde plus juste\u00a0\u00bb src=\u00a0\u00bbhttp:\/\/ndcompassion.com\/wp-content\/uploads\/2016\/05\/IMG-20160803-WA0013_325.jpg\u00a0\u00bb show_in_lightbox=\u00a0\u00bboff\u00a0\u00bb url_new_window=\u00a0\u00bboff\u00a0\u00bb use_overlay=\u00a0\u00bboff\u00a0\u00bb animation=\u00a0\u00bbleft\u00a0\u00bb sticky=\u00a0\u00bboff\u00a0\u00bb align=\u00a0\u00bbleft\u00a0\u00bb force_fullwidth=\u00a0\u00bboff\u00a0\u00bb always_center_on_mobile=\u00a0\u00bbon\u00a0\u00bb use_border_color=\u00a0\u00bboff\u00a0\u00bb border_color=\u00a0\u00bb#ffffff\u00a0\u00bb border_style=\u00a0\u00bbsolid\u00a0\u00bb alt=\u00a0\u00bbPour un monde plus juste\u00a0\u00bb] [\/et_pb_image][\/et_pb_column][\/et_pb_row][et_pb_row admin_label=\u00a0\u00bbFila\u00a0\u00bb][et_pb_column type=\u00a0\u00bb4_4&Prime;][et_pb_text admin_label=\u00a0\u00bbTexte Volontariat International\u00a0\u00bb background_layout=\u00a0\u00bblight\u00a0\u00bb text_orientation=\u00a0\u00bbleft\u00a0\u00bb background_color=\u00a0\u00bbrgba(214,174,0,0.31)\u00a0\u00bb use_border_color=\u00a0\u00bboff\u00a0\u00bb border_color=\u00a0\u00bb#ffffff\u00a0\u00bb border_style=\u00a0\u00bbsolid\u00a0\u00bb custom_padding=\u00a0\u00bb20px|20px|20px|20px\u00a0\u00bb]<\/p>\n<h2>Un Volontariat International<\/h2>\n<p style=\"text-align: justify;\">Le Volontariat International des Soeurs de la Compassion est une proposition qui s&rsquo;adresse \u00e0 toute personne d&rsquo;au moins 21 ans ou plus qui peut disposer d&rsquo;un mois ou deux de son temps (vacances ou autres moments) et qui d\u00e9sire vivre l&rsquo;aventure d&rsquo;une rencontre avec des gens de cultures diff\u00e9rentes et dans des pays diff\u00e9rents du sien et qui est dispos\u00e9e \u00e0 mettre ses comp\u00e9tences personnelles et\/ou professionnelles au service de plusieurs projets.<\/p>\n<p style=\"text-align: justify;\">Apr\u00e8s un temps de pr\u00e9paration qui demande certains engagements durant les mois avant le d\u00e9part, ces personnes sont accueillies par une communaut\u00e9 de Soeurs qui vit et m\u00e8ne \u00e0 bien sa mission dans le pays de destination. La communaut\u00e9 adapte \u00e0 chaque volontaire les conditions et les moyens n\u00e9cessaires durant son s\u00e9jour et pour le d\u00e9veloppement du projet, et elle lui ouvre ses portes afin de partager les repas, la foi et la mission.<\/p>\n<p style=\"text-align: justify;\">Au retour un temps et un lieu sont pr\u00e9vus afin de relire et partager le v\u00e9cu et d\u00e9couvrir d&rsquo;autres formes d&rsquo;appel possibles vers d&rsquo;autres aventures de rencontre.<\/p>\n<p>[\/et_pb_text][\/et_pb_column][\/et_pb_row][et_pb_row admin_label=\u00a0\u00bbFila\u00a0\u00bb][et_pb_column type=\u00a0\u00bb1_3&Prime;][et_pb_image admin_label=\u00a0\u00bbImage Dispensaire \u00e0 Yaound\u00e9\u00a0\u00bb src=\u00a0\u00bbhttp:\/\/ndcompassion.com\/wp-content\/uploads\/2016\/05\/IMG-20160806-WA0006_325.jpg\u00a0\u00bb show_in_lightbox=\u00a0\u00bboff\u00a0\u00bb url_new_window=\u00a0\u00bboff\u00a0\u00bb use_overlay=\u00a0\u00bboff\u00a0\u00bb animation=\u00a0\u00bbleft\u00a0\u00bb sticky=\u00a0\u00bboff\u00a0\u00bb align=\u00a0\u00bbleft\u00a0\u00bb force_fullwidth=\u00a0\u00bboff\u00a0\u00bb always_center_on_mobile=\u00a0\u00bbon\u00a0\u00bb use_border_color=\u00a0\u00bboff\u00a0\u00bb border_color=\u00a0\u00bb#ffffff\u00a0\u00bb border_style=\u00a0\u00bbsolid\u00a0\u00bb alt=\u00a0\u00bbDispensaire \u00e0 Yaound\u00e9\u00a0\u00bb] [\/et_pb_image][et_pb_image admin_label=\u00a0\u00bbImage Education \u00e0 Tarapoto\u00a0\u00bb src=\u00a0\u00bbhttp:\/\/ndcompassion.com\/wp-content\/uploads\/2016\/05\/IMG-20160806-WA0017_325.jpg\u00a0\u00bb show_in_lightbox=\u00a0\u00bboff\u00a0\u00bb url_new_window=\u00a0\u00bboff\u00a0\u00bb use_overlay=\u00a0\u00bboff\u00a0\u00bb animation=\u00a0\u00bbleft\u00a0\u00bb sticky=\u00a0\u00bboff\u00a0\u00bb align=\u00a0\u00bbleft\u00a0\u00bb force_fullwidth=\u00a0\u00bboff\u00a0\u00bb always_center_on_mobile=\u00a0\u00bbon\u00a0\u00bb use_border_color=\u00a0\u00bboff\u00a0\u00bb border_color=\u00a0\u00bb#ffffff\u00a0\u00bb border_style=\u00a0\u00bbsolid\u00a0\u00bb alt=\u00a0\u00bbEducation \u00e0 Tarapoto\u00a0\u00bb] [\/et_pb_image][et_pb_image admin_label=\u00a0\u00bbImage Travail \u00e0 Tarapoto\u00a0\u00bb src=\u00a0\u00bbhttp:\/\/ndcompassion.com\/wp-content\/uploads\/2016\/05\/IMG-20160807-WA0010_325.jpg\u00a0\u00bb show_in_lightbox=\u00a0\u00bboff\u00a0\u00bb url_new_window=\u00a0\u00bboff\u00a0\u00bb use_overlay=\u00a0\u00bboff\u00a0\u00bb animation=\u00a0\u00bbleft\u00a0\u00bb sticky=\u00a0\u00bboff\u00a0\u00bb align=\u00a0\u00bbleft\u00a0\u00bb force_fullwidth=\u00a0\u00bboff\u00a0\u00bb always_center_on_mobile=\u00a0\u00bbon\u00a0\u00bb use_border_color=\u00a0\u00bboff\u00a0\u00bb border_color=\u00a0\u00bb#ffffff\u00a0\u00bb border_style=\u00a0\u00bbsolid\u00a0\u00bb alt=\u00a0\u00bbTravail \u00e0 Tarapoto\u00a0\u00bb] [\/et_pb_image][et_pb_button admin_label=\u00a0\u00bbBouton\u00a0\u00bb button_url=\u00a0\u00bbhttp:\/\/www.vicomp.org\/blog\/\u00a0\u00bb url_new_window=\u00a0\u00bbon\u00a0\u00bb button_text=\u00a0\u00bbVisitez le Blog du voluntariat\u00a0\u00bb button_alignment=\u00a0\u00bbcenter\u00a0\u00bb background_layout=\u00a0\u00bblight\u00a0\u00bb custom_button=\u00a0\u00bbon\u00a0\u00bb button_text_color=\u00a0\u00bb#ffffff\u00a0\u00bb button_bg_color=\u00a0\u00bb#e09900&Prime; button_letter_spacing=\u00a0\u00bb0&Prime; button_use_icon=\u00a0\u00bbdefault\u00a0\u00bb button_icon_placement=\u00a0\u00bbright\u00a0\u00bb button_on_hover=\u00a0\u00bbon\u00a0\u00bb button_letter_spacing_hover=\u00a0\u00bb0&Prime;] [\/et_pb_button][\/et_pb_column][et_pb_column type=\u00a0\u00bb2_3&Prime;][et_pb_text admin_label=\u00a0\u00bbTexte jeu d&rsquo;aventure\u00a0\u00bb background_layout=\u00a0\u00bblight\u00a0\u00bb text_orientation=\u00a0\u00bbleft\u00a0\u00bb use_border_color=\u00a0\u00bboff\u00a0\u00bb border_color=\u00a0\u00bb#ffffff\u00a0\u00bb border_style=\u00a0\u00bbsolid\u00a0\u00bb]<\/p>\n<h2>Nous t&rsquo;invitons \u00e0 l&rsquo;aventure de la rencontre&#8230;<\/h2>\n<p style=\"text-align: justify;\">Le volontariat internationale de la Compassion (\u221aI.com) est une invitation \u00e0 d\u00e9velopper des actions solidaires concr\u00e8tes dans des pays pauvres et dont on peut apprendre beaucoup en r\u00e9alit\u00e9&#8230;<\/p>\n<p style=\"text-align: justify;\">Il est \u00e9galement une aventure car il est con\u00e7u pour les personnes qui osent prendre contact avec les r\u00e9alit\u00e9s d&rsquo;une autre mani\u00e8re: \u00e0 partir de l&rsquo;exp\u00e9rience de la rencontre rapproch\u00e9e et vitale, pas de loin et notre confort et \u00e0 travers les m\u00e9dias.<\/p>\n<p style=\"text-align: justify;\">Cette rencontre avec les autres et les autres, avec des cultures et des exp\u00e9riences de vie, nous changeons \u00ab\u00a0lunettes\u00a0\u00bb avec laquelle nous regardons la vie de red\u00e9couvrir la valeur de notre propre.<\/p>\n<p>[\/et_pb_text][et_pb_text admin_label=\u00a0\u00bb Texte Cette aventure va enlever\u00a0\u00bb background_layout=\u00a0\u00bblight\u00a0\u00bb text_orientation=\u00a0\u00bbleft\u00a0\u00bb use_border_color=\u00a0\u00bboff\u00a0\u00bb border_color=\u00a0\u00bb#ffffff\u00a0\u00bb border_style=\u00a0\u00bbsolid\u00a0\u00bb]<\/p>\n<h2>Cette aventure te m\u00e8nera loin:<\/h2>\n<h3>A Yaound\u00e9 (Cameroun)<\/h3>\n<p style=\"text-align: justify;\">A la rencontre des enfants et des jeunes dans un quartier populaire , des patients et du personnel d&rsquo;un dispensaire, de mineurs incarc\u00e9r\u00e9sl&#8230;<\/p>\n<h3>A Tarapoto (P\u00e9rou):<\/h3>\n<p style=\"text-align: justify;\">A la rencontre d&rsquo;enfants travailleurs de personnes d&rsquo;intelligence diff\u00e9rente, de personnel de sant\u00e9 dans des villages de la for\u00eat amazonienne&#8230;<\/p>\n<p>&nbsp;<\/p>\n<h3>Avec eux\/elles et pour eux\/elles tu r\u00e9aliseras des actions de volontariat concr\u00e8tes:<\/h3>\n<ul>\n<li>Dans le secteur socio\u00e9ducatif: soutien scolaire, formation socio communautaire pour enfants, aide \u00e0 l&rsquo;int\u00e9gration, ateliers de loisir et de temps libre pour jeunes et adolescents, formation d&rsquo;animateurs&#8230;<\/li>\n<li>Dans la promotion de la sant\u00e9: ateliers pour des acteurs locaux dans le domaine de la sant\u00e9, campagnes m\u00e9dicales, surveillance des petites pharmacies locales.<\/li>\n<li>Tu participeras ainsi \u00e0 des initiatives et des activit\u00e9s qui vont se d\u00e9velopper dans ces r\u00e9gions par les soeurs de la Compassion en parall\u00e8le.<\/li>\n<\/ul>\n<h2><\/h2>\n<p>[\/et_pb_text][et_pb_text admin_label=\u00a0\u00bbTexte d\u00e9couvrir un %22tr\u00e9sor%22&Prime; background_layout=\u00a0\u00bblight\u00a0\u00bb text_orientation=\u00a0\u00bbleft\u00a0\u00bb use_border_color=\u00a0\u00bboff\u00a0\u00bb border_color=\u00a0\u00bb#ffffff\u00a0\u00bb border_style=\u00a0\u00bbsolid\u00a0\u00bb]<\/p>\n<h2>Et tu d\u00e9couvriras un \u00abtr\u00e9sor\u00bb:<\/h2>\n<ul>\n<ul>\n<li>La Compassion qui te conduit \u00e0 l&rsquo;essentiel.<\/li>\n<li>La beaut\u00e9 de la simplicit\u00e9 et de la gratitude.<\/li>\n<li>La joie de recevoir beaucoup en \u00e9change de peu.<\/li>\n<li>La richesse de l&rsquo;interculturalit\u00e9 et du travail avec d&rsquo;autres pour un monde plus juste.<\/li>\n<li>Et peut-\u00eatre que ce tr\u00e9sor va changer ta vie pour toujours.<\/li>\n<\/ul>\n<\/ul>\n<p>&nbsp;<\/p>\n<p>[\/et_pb_text][\/et_pb_column][\/et_pb_row][et_pb_row admin_label=\u00a0\u00bbFila\u00a0\u00bb make_fullwidth=\u00a0\u00bboff\u00a0\u00bb use_custom_width=\u00a0\u00bboff\u00a0\u00bb width_unit=\u00a0\u00bbon\u00a0\u00bb use_custom_gutter=\u00a0\u00bboff\u00a0\u00bb custom_padding=\u00a0\u00bb20px|20px|20px|20px\u00a0\u00bb custom_padding_last_edited=\u00a0\u00bboff|desktop\u00a0\u00bb padding_mobile=\u00a0\u00bboff\u00a0\u00bb background_color=\u00a0\u00bbrgba(214,174,0,0.31)\u00a0\u00bb allow_player_pause=\u00a0\u00bboff\u00a0\u00bb parallax=\u00a0\u00bboff\u00a0\u00bb parallax_method=\u00a0\u00bboff\u00a0\u00bb make_equal=\u00a0\u00bboff\u00a0\u00bb parallax_1=\u00a0\u00bboff\u00a0\u00bb parallax_method_1=\u00a0\u00bboff\u00a0\u00bb parallax_2=\u00a0\u00bboff\u00a0\u00bb parallax_method_2=\u00a0\u00bboff\u00a0\u00bb column_padding_mobile=\u00a0\u00bbon\u00a0\u00bb][et_pb_column type=\u00a0\u00bb1_2&Prime;][et_pb_text admin_label=\u00a0\u00bbTexte Compassion en vous\u00a0\u00bb background_layout=\u00a0\u00bblight\u00a0\u00bb text_orientation=\u00a0\u00bbleft\u00a0\u00bb use_border_color=\u00a0\u00bboff\u00a0\u00bb border_color=\u00a0\u00bb#ffffff\u00a0\u00bb border_style=\u00a0\u00bbsolid\u00a0\u00bb]<\/p>\n<h3>Si cela t&rsquo;attire, si tu veux oser\u2026<\/h3>\n<ul>\n<li style=\"text-align: justify;\">Remplis le formulaire (ci joint) et n&rsquo;oublie pas d&rsquo;expliquer en d\u00e9tails tes motivations.<\/li>\n<li style=\"text-align: justify;\">Envoie par e-mail ton Curriculum Vitae&#8230;\u00a0vintercompa@gmail.com<\/li>\n<li style=\"text-align: justify;\">N&rsquo;h\u00e9sites pas \u00e0 entrer en <a href=\"http:\/\/ndcompassion.com\/fr\/ou-sommes-nous\/\">contact<\/a> avec nous si tu as quelques doutes ou si tu as besoin de quelques explications compl\u00e9mentaires.<\/li>\n<\/ul>\n<h3>Nous pourrons ainsi :<\/h3>\n<ul>\n<li style=\"text-align: justify;\">Confirmer si tu es candidat(e) pour cette aventure.<\/li>\n<li style=\"text-align: justify;\">Entrer en contact avec toi et fixer un premier rendez-vous (virtuel ou r\u00e9el).<\/li>\n<\/ul>\n<p>[\/et_pb_text][\/et_pb_column][et_pb_column type=\u00a0\u00bb1_2&Prime;][et_pb_contact_form admin_label=\u00a0\u00bbFormulaire de contact des Voluntariat\u00a0\u00bb captcha=\u00a0\u00bbon\u00a0\u00bb title=\u00a0\u00bbFormulaire de Voluntariat\u00a0\u00bb use_redirect=\u00a0\u00bboff\u00a0\u00bb success_message=\u00a0\u00bbNous vous remercions de contacter, nous vous r\u00e9pondrons dans les plus brefs d\u00e9lais.\u00a0\u00bb input_border_radius=\u00a0\u00bb0&Prime; use_border_color=\u00a0\u00bboff\u00a0\u00bb border_color=\u00a0\u00bb#ffffff\u00a0\u00bb border_style=\u00a0\u00bbsolid\u00a0\u00bb custom_button=\u00a0\u00bboff\u00a0\u00bb button_letter_spacing=\u00a0\u00bb0&Prime; button_use_icon=\u00a0\u00bbdefault\u00a0\u00bb button_icon_placement=\u00a0\u00bbright\u00a0\u00bb button_on_hover=\u00a0\u00bbon\u00a0\u00bb button_letter_spacing_hover=\u00a0\u00bb0&Prime; form_background_color=\u00a0\u00bb#ffffff\u00a0\u00bb email=\u00a0\u00bbvintercompa@gmail.com\u00a0\u00bb] [et_pb_contact_field field_title=\u00a0\u00bbNom\u00a0\u00bb field_type=\u00a0\u00bbinput\u00a0\u00bb field_id=\u00a0\u00bbNom\u00a0\u00bb required_mark=\u00a0\u00bbon\u00a0\u00bb fullwidth_field=\u00a0\u00bbon\u00a0\u00bb form_field_font_select=\u00a0\u00bbdefault\u00a0\u00bb form_field_font=\u00a0\u00bb||||\u00a0\u00bb use_border_color=\u00a0\u00bboff\u00a0\u00bb border_style=\u00a0\u00bbsolid\u00a0\u00bb] [\/et_pb_contact_field][et_pb_contact_field field_title=\u00a0\u00bbAdresse de courrier \u00e9lectronique\u00a0\u00bb field_type=\u00a0\u00bbemail\u00a0\u00bb field_id=\u00a0\u00bbEmail\u00a0\u00bb required_mark=\u00a0\u00bbon\u00a0\u00bb fullwidth_field=\u00a0\u00bbon\u00a0\u00bb form_field_font_select=\u00a0\u00bbdefault\u00a0\u00bb form_field_font=\u00a0\u00bb||||\u00a0\u00bb use_border_color=\u00a0\u00bboff\u00a0\u00bb border_style=\u00a0\u00bbsolid\u00a0\u00bb] [\/et_pb_contact_field][et_pb_contact_field field_title=\u00a0\u00bbMessage\u00a0\u00bb field_type=\u00a0\u00bbtext\u00a0\u00bb field_id=\u00a0\u00bbMessage\u00a0\u00bb required_mark=\u00a0\u00bboff\u00a0\u00bb fullwidth_field=\u00a0\u00bbon\u00a0\u00bb form_field_font_select=\u00a0\u00bbdefault\u00a0\u00bb form_field_font=\u00a0\u00bb||||\u00a0\u00bb use_border_color=\u00a0\u00bboff\u00a0\u00bb border_style=\u00a0\u00bbsolid\u00a0\u00bb] [\/et_pb_contact_field] [\/et_pb_contact_form][\/et_pb_column][\/et_pb_row][\/et_pb_section]<\/p>\n","protected":false},"excerpt":{"rendered":"<p>Un Volontariat International Le Volontariat International des Soeurs de la Compassion est une proposition qui s&rsquo;adresse \u00e0 toute personne d&rsquo;au moins 21 ans ou plus qui peut disposer d&rsquo;un mois ou deux de son temps (vacances ou autres moments) et qui d\u00e9sire vivre l&rsquo;aventure d&rsquo;une rencontre avec des gens de cultures diff\u00e9rentes et dans des [&hellip;]<\/p>\n","protected":false},"author":1,"featured_media":0,"parent":0,"menu_order":0,"comment_status":"closed","ping_status":"closed","template":"","meta":{"_et_pb_use_builder":"on","_et_pb_old_content":"","_et_gb_content_width":"","footnotes":""},"class_list":["post-1057","page","type-page","status-publish","hentry"],"_links":{"self":[{"href":"https:\/\/ndcompassion.com\/fr\/wp-json\/wp\/v2\/pages\/1057","targetHints":{"allow":["GET"]}}],"collection":[{"href":"https:\/\/ndcompassion.com\/fr\/wp-json\/wp\/v2\/pages"}],"about":[{"href":"https:\/\/ndcompassion.com\/fr\/wp-json\/wp\/v2\/types\/page"}],"author":[{"embeddable":true,"href":"https:\/\/ndcompassion.com\/fr\/wp-json\/wp\/v2\/users\/1"}],"replies":[{"embeddable":true,"href":"https:\/\/ndcompassion.com\/fr\/wp-json\/wp\/v2\/comments?post=1057"}],"version-history":[{"count":18,"href":"https:\/\/ndcompassion.com\/fr\/wp-json\/wp\/v2\/pages\/1057\/revisions"}],"predecessor-version":[{"id":1350,"href":"https:\/\/ndcompassion.com\/fr\/wp-json\/wp\/v2\/pages\/1057\/revisions\/1350"}],"wp:attachment":[{"href":"https:\/\/ndcompassion.com\/fr\/wp-json\/wp\/v2\/media?parent=1057"}],"curies":[{"name":"wp","href":"https:\/\/api.w.org\/{rel}","templated":true}]}}