{"id":1049,"date":"2016-05-30T12:21:51","date_gmt":"2016-05-30T12:21:51","guid":{"rendered":"http:\/\/ndcompassion.com\/fr\/comunidades-cristianas-compasionistas\/"},"modified":"2016-08-02T11:33:28","modified_gmt":"2016-08-02T11:33:28","slug":"communaute-chretienne-compassioniste","status":"publish","type":"page","link":"https:\/\/ndcompassion.com\/fr\/communaute-chretienne-compassioniste\/","title":{"rendered":"Communaut\u00e9 Chr\u00e9tienne Compassioniste (CCC)"},"content":{"rendered":"<p>[et_pb_section admin_label=\u00a0\u00bbsection\u00a0\u00bb][et_pb_row admin_label=\u00a0\u00bbFila\u00a0\u00bb][et_pb_column type=\u00a0\u00bb4_4&Prime;][et_pb_post_title admin_label=\u00a0\u00bbTitre de la publication\u00a0\u00bb title=\u00a0\u00bbon\u00a0\u00bb meta=\u00a0\u00bboff\u00a0\u00bb author=\u00a0\u00bbon\u00a0\u00bb date=\u00a0\u00bbon\u00a0\u00bb categories=\u00a0\u00bbon\u00a0\u00bb comments=\u00a0\u00bbon\u00a0\u00bb featured_image=\u00a0\u00bboff\u00a0\u00bb featured_placement=\u00a0\u00bbbelow\u00a0\u00bb parallax_effect=\u00a0\u00bbon\u00a0\u00bb parallax_method=\u00a0\u00bbon\u00a0\u00bb text_orientation=\u00a0\u00bbleft\u00a0\u00bb text_color=\u00a0\u00bbdark\u00a0\u00bb text_background=\u00a0\u00bboff\u00a0\u00bb text_bg_color=\u00a0\u00bbrgba(255,255,255,0.9)\u00a0\u00bb module_bg_color=\u00a0\u00bbrgba(255,255,255,0)\u00a0\u00bb title_all_caps=\u00a0\u00bbon\u00a0\u00bb use_border_color=\u00a0\u00bboff\u00a0\u00bb border_color=\u00a0\u00bb#ffffff\u00a0\u00bb border_style=\u00a0\u00bbsolid\u00a0\u00bb] [\/et_pb_post_title][\/et_pb_column][\/et_pb_row][et_pb_row admin_label=\u00a0\u00bbrow\u00a0\u00bb][et_pb_column type=\u00a0\u00bb4_4&Prime;][et_pb_text admin_label=\u00a0\u00bbTexte Laico Compasionista\u00a0\u00bb background_layout=\u00a0\u00bblight\u00a0\u00bb text_orientation=\u00a0\u00bbleft\u00a0\u00bb use_border_color=\u00a0\u00bboff\u00a0\u00bb border_color=\u00a0\u00bb#ffffff\u00a0\u00bb border_style=\u00a0\u00bbsolid\u00a0\u00bb]<\/p>\n<h3 style=\"text-align: center;\">\u00catre la\u00efc compassioniste! c\u00b4est \u00eatre Vie dans le monde<\/h3>\n<p style=\"text-align: justify;\">A l&rsquo;image des disciples qui suivirent J\u00e9sus, qui \u00e9cout\u00e8rent ses enseignements et les mirent en application, le LA\u00cfC COMPASSIONISTE, est celui qui se forme sous la direction et l&rsquo;accompagnement des S\u0153urs de Notre Dame de la Compassion en paroles et en actes.<\/p>\n<p style=\"text-align: justify;\">Il acquiert un style de vie qui se nourrit et se fortifie en buvant \u00e0 la source du charisme et de la spiritualit\u00e9 du p\u00e8re fondateur Maurice Garrigou. Il contemple, \u00e9coute, accueille et agit en se laissant guider par l&rsquo;Esprit de la Compassion de Dieu afin de donner des r\u00e9ponses solidaires et compatissantes, en apportant des solutions aux besoins de nos fr\u00e8res et s\u0153urs les plus n\u00e9cessiteux de notre monde.<\/p>\n<p>[\/et_pb_text][\/et_pb_column][\/et_pb_row][et_pb_row admin_label=\u00a0\u00bbFila\u00a0\u00bb][et_pb_column type=\u00a0\u00bb1_2&Prime;][et_pb_image admin_label=\u00a0\u00bbImage Lay communautaire Compasionista\u00a0\u00bb src=\u00a0\u00bbhttp:\/\/ndcompassion.com\/wp-content\/uploads\/2016\/05\/Comunidad-Laica-Compasionista.jpg\u00a0\u00bb alt=\u00a0\u00bbLay communautaire Compasionista\u00a0\u00bb show_in_lightbox=\u00a0\u00bboff\u00a0\u00bb url_new_window=\u00a0\u00bboff\u00a0\u00bb use_overlay=\u00a0\u00bboff\u00a0\u00bb animation=\u00a0\u00bbleft\u00a0\u00bb sticky=\u00a0\u00bboff\u00a0\u00bb align=\u00a0\u00bbleft\u00a0\u00bb force_fullwidth=\u00a0\u00bboff\u00a0\u00bb always_center_on_mobile=\u00a0\u00bbon\u00a0\u00bb use_border_color=\u00a0\u00bboff\u00a0\u00bb border_color=\u00a0\u00bb#ffffff\u00a0\u00bb border_style=\u00a0\u00bbsolid\u00a0\u00bb] [\/et_pb_image][\/et_pb_column][et_pb_column type=\u00a0\u00bb1_2&Prime;][et_pb_image admin_label=\u00a0\u00bbImage Laico \u00eatre Compasionista\u00a0\u00bb src=\u00a0\u00bbhttp:\/\/ndcompassion.com\/wp-content\/uploads\/2016\/05\/Ser-Laico-Compasionista.jpg\u00a0\u00bb alt=\u00a0\u00bbLaico \u00eatre Compasionista\u00a0\u00bb show_in_lightbox=\u00a0\u00bboff\u00a0\u00bb url_new_window=\u00a0\u00bboff\u00a0\u00bb use_overlay=\u00a0\u00bboff\u00a0\u00bb animation=\u00a0\u00bbleft\u00a0\u00bb sticky=\u00a0\u00bboff\u00a0\u00bb align=\u00a0\u00bbleft\u00a0\u00bb force_fullwidth=\u00a0\u00bboff\u00a0\u00bb always_center_on_mobile=\u00a0\u00bbon\u00a0\u00bb use_border_color=\u00a0\u00bboff\u00a0\u00bb border_color=\u00a0\u00bb#ffffff\u00a0\u00bb border_style=\u00a0\u00bbsolid\u00a0\u00bb] [\/et_pb_image][\/et_pb_column][\/et_pb_row][et_pb_row admin_label=\u00a0\u00bbrow\u00a0\u00bb][et_pb_column type=\u00a0\u00bb4_4&Prime;][et_pb_text admin_label=\u00a0\u00bb\u00catre alors Laico texte Compasionista\u00a0\u00bb background_layout=\u00a0\u00bblight\u00a0\u00bb text_orientation=\u00a0\u00bbleft\u00a0\u00bb use_border_color=\u00a0\u00bboff\u00a0\u00bb border_color=\u00a0\u00bb#ffffff\u00a0\u00bb border_style=\u00a0\u00bbsolid\u00a0\u00bb]<\/p>\n<p style=\"text-align: justify;\">Le LA\u00cfC COMPASSIONISTE porte un regard diff\u00e9rent sur lui et sur les autres et il agit guid\u00e9 par le charisme et la spiritualit\u00e9 de la Compassion qui puise ses racines dans la contemplation de J\u00e9sus-Christ souffrant et couronn\u00e9 d&rsquo;\u00e9pines et de Marie au pied de la CROIX de son Fils qui se prolonge et se refl\u00e8te dans la r\u00e9alit\u00e9 de notre monde.<\/p>\n<p style=\"text-align: justify;\">Cette contemplation le conduit \u00e0 agir sur le terrain et \u00e0 se rendre proche aux cot\u00e9s de chaque \u00eatre souffrant dans la soci\u00e9t\u00e9, mais il ne se limite pas \u00e0 cette contemplation car il se met lui m\u00eame au niveau de celui qui souffre, du marginal, de la personne malade et il se montre solidaire avec lui en lui montrant qu&rsquo;il est aim\u00e9 et qu&rsquo;il a du prix aux yeux de notre Dieu plein de mis\u00e9ricorde.. ce Dieu qui le conduit \u00e0 \u00eatre totalement solidaire avec lui afin que le pauvre puisse esp\u00e9rer retrouver sa dignit\u00e9 et se sente soutenu par la mis\u00e9ricorde et la tendresse.<\/p>\n<p style=\"text-align: justify;\">\u00catre LA\u00cfC COMPASSIONISTE c&rsquo;est rencontrer Dieu dans la vie quotidienne, c&rsquo;est le d\u00e9couvrir jour apr\u00e8s jour dans la vie personnelle, familiale, sur son lieu de travail, dans ses relations de voisinage, dans la vie sociale, dans les prises de d\u00e9cisions \u00e9thiques, dans la d\u00e9fense des droits de l&rsquo;homme, dans le combat pour la vie, tout comme dans le chemin de l&rsquo;\u00e9conomie, dans les engagements politiques, dans le monde de la culture, etc\u2026<\/p>\n<p style=\"text-align: justify;\">En fait, le la\u00efc compassioniste \u0153uvre dans les lieux o\u00f9 il vit et l\u00e0 o\u00f9 Dieu le guide pour vivre la Compassion chaque jour.<\/p>\n<p style=\"text-align: justify;\">\u00catre LA\u00cfC COMPASSIONISTE est un engagement tr\u00e8s grand et significatif, c&rsquo;est \u00eatre un instrument de DIEU MIS\u00c9RICORDIEUX, au service des fr\u00e8res n\u00e9cessiteux sans distinction en partant du commandement premier \u00ab\u00a0AIMER DIEU AU DEL\u00c0 DE TOUTES CHOSES ET SON PROCHAIN COMME SOI M\u00caME\u00a0\u00bb<\/p>\n<p style=\"text-align: justify;\">Tout cela suppose un engagement permanent et \u00e0 la fois une exigence grande face \u00e0 sa vocation, en rendant t\u00e9moignage par sa vie et ses paroles. En acceptant que tout ce qu&rsquo;il va vivre et les obstacles qu&rsquo;il va rencontrer ne seront pas toujours faciles. Il y aura des difficult\u00e9s, des contrari\u00e9t\u00e9s, des incompr\u00e9hensions car tout n&rsquo;est pas simple.<\/p>\n<p style=\"text-align: justify;\">Le La\u00efc Compassioniste est ouvert \u00e0 l&rsquo;accueil de ceux qui souhaitent adopter ce style de vie. Il apprend et travaille en \u00e9quipe avec les autres, et non de mani\u00e8re solitaire. Il va entrer en compl\u00e9mentarit\u00e9 et en communion avec ceux qui cherchent \u00e0 s&rsquo;\u00e9panouir dans la vie et il va se donner \u00e0 une mission plus universelle l\u00e0 o\u00f9 la Congr\u00e9gation est pr\u00e9sente.<\/p>\n<p style=\"text-align: justify;\">Enfin, le La\u00efc Compassioniste a la certitude que Dieu lui ouvre le chemin et que jamais il ne l&rsquo;abandonne.<\/p>\n<p>CCC CALI &#8211; COLOMBIE<\/p>\n<p>[\/et_pb_text][\/et_pb_column][\/et_pb_row][\/et_pb_section]<\/p>\n","protected":false},"excerpt":{"rendered":"<p>\u00catre la\u00efc compassioniste! c\u00b4est \u00eatre Vie dans le monde A l&rsquo;image des disciples qui suivirent J\u00e9sus, qui \u00e9cout\u00e8rent ses enseignements et les mirent en application, le LA\u00cfC COMPASSIONISTE, est celui qui se forme sous la direction et l&rsquo;accompagnement des S\u0153urs de Notre Dame de la Compassion en paroles et en actes. Il acquiert un style [&hellip;]<\/p>\n","protected":false},"author":1,"featured_media":0,"parent":0,"menu_order":0,"comment_status":"closed","ping_status":"closed","template":"","meta":{"_et_pb_use_builder":"on","_et_pb_old_content":"","_et_gb_content_width":"","footnotes":""},"class_list":["post-1049","page","type-page","status-publish","hentry"],"_links":{"self":[{"href":"https:\/\/ndcompassion.com\/fr\/wp-json\/wp\/v2\/pages\/1049","targetHints":{"allow":["GET"]}}],"collection":[{"href":"https:\/\/ndcompassion.com\/fr\/wp-json\/wp\/v2\/pages"}],"about":[{"href":"https:\/\/ndcompassion.com\/fr\/wp-json\/wp\/v2\/types\/page"}],"author":[{"embeddable":true,"href":"https:\/\/ndcompassion.com\/fr\/wp-json\/wp\/v2\/users\/1"}],"replies":[{"embeddable":true,"href":"https:\/\/ndcompassion.com\/fr\/wp-json\/wp\/v2\/comments?post=1049"}],"version-history":[{"count":7,"href":"https:\/\/ndcompassion.com\/fr\/wp-json\/wp\/v2\/pages\/1049\/revisions"}],"predecessor-version":[{"id":1102,"href":"https:\/\/ndcompassion.com\/fr\/wp-json\/wp\/v2\/pages\/1049\/revisions\/1102"}],"wp:attachment":[{"href":"https:\/\/ndcompassion.com\/fr\/wp-json\/wp\/v2\/media?parent=1049"}],"curies":[{"name":"wp","href":"https:\/\/api.w.org\/{rel}","templated":true}]}}