{"id":1037,"date":"2016-05-30T12:19:17","date_gmt":"2016-05-30T12:19:17","guid":{"rendered":"http:\/\/ndcompassion.com\/fr\/la-formacion-y-sus-etapas\/"},"modified":"2016-11-18T14:25:22","modified_gmt":"2016-11-18T14:25:22","slug":"la-formation","status":"publish","type":"page","link":"https:\/\/ndcompassion.com\/fr\/la-formation\/","title":{"rendered":"La formation"},"content":{"rendered":"<p>[et_pb_section admin_label=\u00a0\u00bbsection\u00a0\u00bb][et_pb_row admin_label=\u00a0\u00bbFila\u00a0\u00bb][et_pb_column type=\u00a0\u00bb4_4&Prime;][et_pb_post_title admin_label=\u00a0\u00bb Titre de la publication\u00a0\u00bb title=\u00a0\u00bbon\u00a0\u00bb meta=\u00a0\u00bboff\u00a0\u00bb author=\u00a0\u00bbon\u00a0\u00bb date=\u00a0\u00bbon\u00a0\u00bb categories=\u00a0\u00bbon\u00a0\u00bb comments=\u00a0\u00bbon\u00a0\u00bb featured_image=\u00a0\u00bboff\u00a0\u00bb featured_placement=\u00a0\u00bbbelow\u00a0\u00bb parallax_effect=\u00a0\u00bbon\u00a0\u00bb parallax_method=\u00a0\u00bbon\u00a0\u00bb text_orientation=\u00a0\u00bbleft\u00a0\u00bb text_color=\u00a0\u00bbdark\u00a0\u00bb text_background=\u00a0\u00bboff\u00a0\u00bb text_bg_color=\u00a0\u00bbrgba(255,255,255,0.9)\u00a0\u00bb module_bg_color=\u00a0\u00bbrgba(255,255,255,0)\u00a0\u00bb title_all_caps=\u00a0\u00bboff\u00a0\u00bb use_border_color=\u00a0\u00bboff\u00a0\u00bb border_color=\u00a0\u00bb#ffffff\u00a0\u00bb border_style=\u00a0\u00bbsolid\u00a0\u00bb] [\/et_pb_post_title][\/et_pb_column][\/et_pb_row][et_pb_row admin_label=\u00a0\u00bbrow\u00a0\u00bb][et_pb_column type=\u00a0\u00bb4_4&Prime;][et_pb_text admin_label=\u00a0\u00bbTexte\u00a0\u00bb background_layout=\u00a0\u00bblight\u00a0\u00bb text_orientation=\u00a0\u00bbleft\u00a0\u00bb use_border_color=\u00a0\u00bboff\u00a0\u00bb border_color=\u00a0\u00bb#ffffff\u00a0\u00bb border_style=\u00a0\u00bbsolid\u00a0\u00bb]<\/p>\n<h2 style=\"text-align: center;\">\u201cJusqu&rsquo;\u00e0 ce que le Christ ait pris forme chez vous\u00a0\u00bb (Gal 4, 19b)<\/h2>\n<p style=\"text-align: justify;\">L&rsquo;int\u00e9gration de nouveaux membres dans la Congr\u00e9gation se fait au travers d&rsquo;un processus de formation qui est \u00e0 la fois une r\u00e9ponse personnelle et libre \u00e0 l&rsquo;appel du Seigneur, un chemin de conversion et de pr\u00e9paration pour participer \u00e0 la mission de l\u2019\u00c9glise selon le charisme de la Congr\u00e9gation.<\/p>\n<p style=\"text-align: justify;\">La Congr\u00e9gation a pour mission de confirmer cet appel et de favoriser l&rsquo;action de Dieu en fournissant les moyens ad\u00e9quats pour que cette r\u00e9ponse personnelle puisse \u00eatre donn\u00e9e avec conviction et libert\u00e9.<\/p>\n<p style=\"text-align: justify;\">La formation ne se termine pas au moment de la profession perp\u00e9tuelle. Il s&rsquo;agit d&rsquo;une t\u00e2che qui engage toute la vie afin de maintenir vivant en chaque soeur le dynamisme de sa fid\u00e9lit\u00e9.<\/p>\n<p style=\"text-align: justify;\">Cette formation se d\u00e9roule en quatre \u00e9tapes. Les trois premi\u00e8res, constituent le temps de formation initiale et ont pour objectif, l&rsquo;int\u00e9gration progressive de l&rsquo;aspirante dans la Congr\u00e9gation dans une attitude d&rsquo;accueil r\u00e9ciproque.<\/p>\n<p>[\/et_pb_text][\/et_pb_column][\/et_pb_row][et_pb_row admin_label=\u00a0\u00bbFila\u00a0\u00bb][et_pb_column type=\u00a0\u00bb1_3&Prime;][et_pb_image admin_label=\u00a0\u00bbImage postulat\u00a0\u00bb src=\u00a0\u00bbhttp:\/\/ndcompassion.com\/wp-content\/uploads\/2016\/05\/Postulantado-opcion-2_.jpg\u00a0\u00bb show_in_lightbox=\u00a0\u00bboff\u00a0\u00bb url_new_window=\u00a0\u00bboff\u00a0\u00bb use_overlay=\u00a0\u00bboff\u00a0\u00bb animation=\u00a0\u00bbleft\u00a0\u00bb sticky=\u00a0\u00bboff\u00a0\u00bb align=\u00a0\u00bbleft\u00a0\u00bb force_fullwidth=\u00a0\u00bboff\u00a0\u00bb always_center_on_mobile=\u00a0\u00bbon\u00a0\u00bb use_border_color=\u00a0\u00bboff\u00a0\u00bb border_color=\u00a0\u00bb#ffffff\u00a0\u00bb border_style=\u00a0\u00bbsolid\u00a0\u00bb alt=\u00a0\u00bbpostulat\u00a0\u00bb] [\/et_pb_image][\/et_pb_column][et_pb_column type=\u00a0\u00bb2_3&Prime;][et_pb_text admin_label=\u00a0\u00bbText Postulat\u00a0\u00bb background_layout=\u00a0\u00bblight\u00a0\u00bb text_orientation=\u00a0\u00bbleft\u00a0\u00bb use_border_color=\u00a0\u00bboff\u00a0\u00bb border_color=\u00a0\u00bb#ffffff\u00a0\u00bb border_style=\u00a0\u00bbsolid\u00a0\u00bb]<\/p>\n<h3>Postulat: \u201cMa\u00eetre, o\u00f9 demeures-tu?\u201d (Jn, 1, 38)<\/h3>\n<p>Il commence apr\u00e8s un temps pr\u00e9vu afin d&rsquo;\u00e9tablir les premiers contacts et v\u00e9rifier si les motivations et la pr\u00e9paration sont \u00e0 m\u00eame de permettre d&rsquo;entamer le processus de formation.<\/p>\n<p>Le postulat est un temps de maturation humaine progressive, d&rsquo;approfondissement dans la vie chr\u00e9tienne, de d\u00e9couverte et de connaissance de la Congr\u00e9gation et de discernement de sa vocation sp\u00e9cifique dans l\u2019\u00c9glise dans le but de vivre l&rsquo;exp\u00e9rience du Noviciat.<\/p>\n<p>(Dur\u00e9e : entre 6 mois et 2 ans)<\/p>\n<p>[\/et_pb_text][\/et_pb_column][\/et_pb_row][et_pb_row admin_label=\u00a0\u00bbFila\u00a0\u00bb][et_pb_column type=\u00a0\u00bb1_3&Prime;][et_pb_image admin_label=\u00a0\u00bbImage noviciat\u00a0\u00bb src=\u00a0\u00bbhttp:\/\/ndcompassion.com\/wp-content\/uploads\/2016\/05\/Noviciado_.jpg\u00a0\u00bb show_in_lightbox=\u00a0\u00bboff\u00a0\u00bb url_new_window=\u00a0\u00bboff\u00a0\u00bb use_overlay=\u00a0\u00bboff\u00a0\u00bb animation=\u00a0\u00bbleft\u00a0\u00bb sticky=\u00a0\u00bboff\u00a0\u00bb align=\u00a0\u00bbleft\u00a0\u00bb force_fullwidth=\u00a0\u00bboff\u00a0\u00bb always_center_on_mobile=\u00a0\u00bbon\u00a0\u00bb use_border_color=\u00a0\u00bboff\u00a0\u00bb border_color=\u00a0\u00bb#ffffff\u00a0\u00bb border_style=\u00a0\u00bbsolid\u00a0\u00bb alt=\u00a0\u00bbnoviciat\u00a0\u00bb] [\/et_pb_image][\/et_pb_column][et_pb_column type=\u00a0\u00bb2_3&Prime;][et_pb_text admin_label=\u00a0\u00bbText Noviciat\u00a0\u00bb background_layout=\u00a0\u00bblight\u00a0\u00bb text_orientation=\u00a0\u00bbleft\u00a0\u00bb use_border_color=\u00a0\u00bboff\u00a0\u00bb border_color=\u00a0\u00bb#ffffff\u00a0\u00bb border_style=\u00a0\u00bbsolid\u00a0\u00bb]<\/p>\n<h3 lang=\"es-ES\" align=\"justify\">Noviciat: \u201cVenez et vous verrez\u201d (Jn. 1, 39)<\/h3>\n<p>C&rsquo;est la premi\u00e8re exp\u00e9rience de vie religieuse au sein de la Congr\u00e9gation. Il implique une rupture avec le style de vie ant\u00e9rieur, une entr\u00e9e effective dans la vie communautaire et une participation \u00e0 la mission de la Congr\u00e9gation.<\/p>\n<p>Il se caract\u00e9rise par l&rsquo;apprentissage de cette nouvelle forme de vie et \u00e9galement par un temps privil\u00e9gi\u00e9 de conversion \u00e0 la personne de J\u00e9sus. Ainsi elle continue le discernement de sa vocation et se pr\u00e9pare \u00e0 prononcer les premiers voeux.<\/p>\n<p>(Dur\u00e9e : 2 ans)<\/p>\n<p>[\/et_pb_text][\/et_pb_column][\/et_pb_row][et_pb_row admin_label=\u00a0\u00bbFila\u00a0\u00bb][et_pb_column type=\u00a0\u00bb1_3&Prime;][et_pb_image admin_label=\u00a0\u00bbImage Juniorat\u00a0\u00bb src=\u00a0\u00bbhttp:\/\/ndcompassion.com\/wp-content\/uploads\/2016\/05\/Juniorado_.jpg\u00a0\u00bb show_in_lightbox=\u00a0\u00bboff\u00a0\u00bb url_new_window=\u00a0\u00bboff\u00a0\u00bb use_overlay=\u00a0\u00bboff\u00a0\u00bb animation=\u00a0\u00bbleft\u00a0\u00bb sticky=\u00a0\u00bboff\u00a0\u00bb align=\u00a0\u00bbleft\u00a0\u00bb force_fullwidth=\u00a0\u00bboff\u00a0\u00bb always_center_on_mobile=\u00a0\u00bbon\u00a0\u00bb use_border_color=\u00a0\u00bboff\u00a0\u00bb border_color=\u00a0\u00bb#ffffff\u00a0\u00bb border_style=\u00a0\u00bbsolid\u00a0\u00bb alt=\u00a0\u00bbJuniorat\u00a0\u00bb] [\/et_pb_image][\/et_pb_column][et_pb_column type=\u00a0\u00bb2_3&Prime;][et_pb_text admin_label=\u00a0\u00bbText Juniorat\u00a0\u00bb background_layout=\u00a0\u00bblight\u00a0\u00bb text_orientation=\u00a0\u00bbleft\u00a0\u00bb use_border_color=\u00a0\u00bboff\u00a0\u00bb border_color=\u00a0\u00bb#ffffff\u00a0\u00bb border_style=\u00a0\u00bbsolid\u00a0\u00bb]<\/p>\n<h3 style=\"text-align: justify;\">Juniorat (Voeux temporaires): \u201cEt ils rest\u00e8rent aupr\u00e8s de lui\u201d (Jn 1, 39 b)<\/h3>\n<p style=\"text-align: justify;\">Il d\u00e9bute avec le premier engagement temporel qui fait de la novice un membre de la Congr\u00e9gation.<\/p>\n<p style=\"text-align: justify;\">Cette \u00e9tape se caract\u00e9rise par l&rsquo;incorporation dans la vie communautaire de celle qui est envoy\u00e9e pour vivre la mission \u00e0 travers un engagement de travail ou d&rsquo;\u00e9tudes propos\u00e9s selon ses possibilit\u00e9s et les moments de cette \u00e9tape.<\/p>\n<p style=\"text-align: justify;\">La jeune professe va apprendre \u00e0 vivre toute activit\u00e9 et\/ou profession comme une mission et \u00e0 l&rsquo;int\u00e9grer dans la vie de la communaut\u00e9. Elle va unifier sa vie dans l&rsquo;amour pour J\u00e9sus et le d\u00e9vouement pour son Royaume \u00e0 partir du charisme propre de la Congr\u00e9gation. Le point culminant de ce temps est la pr\u00e9paration imm\u00e9diate \u00e0 la profession perp\u00e9tuelle qui permet \u00e0 la soeur de prendre vraiment conscience des motivations qui la conduisent \u00e0 un tel choix de vie et les exigences directement li\u00e9es \u00e0 ce choix<\/p>\n<p style=\"text-align: justify;\">(Dur\u00e9e : entre 5 et 9 ans)<\/p>\n<p>[\/et_pb_text][\/et_pb_column][\/et_pb_row][et_pb_row admin_label=\u00a0\u00bbFila\u00a0\u00bb][et_pb_column type=\u00a0\u00bb1_3&Prime;][et_pb_image admin_label=\u00a0\u00bbImage formation permanente\u00a0\u00bb src=\u00a0\u00bbhttp:\/\/ndcompassion.com\/wp-content\/uploads\/2016\/05\/Formacion-Permanente_-1.jpg\u00a0\u00bb show_in_lightbox=\u00a0\u00bboff\u00a0\u00bb url_new_window=\u00a0\u00bboff\u00a0\u00bb use_overlay=\u00a0\u00bboff\u00a0\u00bb animation=\u00a0\u00bbleft\u00a0\u00bb sticky=\u00a0\u00bboff\u00a0\u00bb align=\u00a0\u00bbleft\u00a0\u00bb force_fullwidth=\u00a0\u00bboff\u00a0\u00bb always_center_on_mobile=\u00a0\u00bbon\u00a0\u00bb use_border_color=\u00a0\u00bboff\u00a0\u00bb border_color=\u00a0\u00bb#ffffff\u00a0\u00bb border_style=\u00a0\u00bbsolid\u00a0\u00bb alt=\u00a0\u00bbFormation permenente\u00a0\u00bb] [\/et_pb_image][\/et_pb_column][et_pb_column type=\u00a0\u00bb2_3&Prime;][et_pb_text admin_label=\u00a0\u00bbText Formation Permanente\u00a0\u00bb background_layout=\u00a0\u00bblight\u00a0\u00bb text_orientation=\u00a0\u00bbleft\u00a0\u00bb use_border_color=\u00a0\u00bboff\u00a0\u00bb border_color=\u00a0\u00bb#ffffff\u00a0\u00bb border_style=\u00a0\u00bbsolid\u00a0\u00bb]<\/p>\n<h3>Formation Permanente: \u201cIl les appela pour qu&rsquo;ils soient avec Lui et pour les envoyer&#8230;\u201d (Mc. 3, 14 b)<\/h3>\n<p style=\"text-align: justify;\">C&rsquo;est la derni\u00e8re \u00e9tape du processus de formation et elle d\u00e9bute \u00e0 partir de la formation perp\u00e9tuelle.<br \/>\nElle a pour objectif d&rsquo;aider \u00e0 vivre toute l&rsquo;existence dans une attitude de r\u00e9ponse joyeuse \u00e0 Celui qui nous a appel\u00e9es un jour \u00e0 la Compassion et qui ne cesse de renouveler cet appel dans un monde qui change tr\u00e8s vite et en profondeur (Const. Art 200):<\/p>\n<ul>\n<li style=\"text-align: justify;\">En renouvelant le choix de Dieu comme l&rsquo;Absolu de notre vie.<\/li>\n<li style=\"text-align: justify;\">En approfondissant l&rsquo;attitude de simplicit\u00e9 \u00e9vang\u00e9lique qui est la recherche sinc\u00e8re et continue de la volont\u00e9 du P\u00e8re dans une disponibilit\u00e9 filiale pour la mission.<\/li>\n<\/ul>\n<p>[\/et_pb_text][\/et_pb_column][\/et_pb_row][\/et_pb_section]<\/p>\n","protected":false},"excerpt":{"rendered":"<p>\u201cJusqu&rsquo;\u00e0 ce que le Christ ait pris forme chez vous\u00a0\u00bb (Gal 4, 19b) L&rsquo;int\u00e9gration de nouveaux membres dans la Congr\u00e9gation se fait au travers d&rsquo;un processus de formation qui est \u00e0 la fois une r\u00e9ponse personnelle et libre \u00e0 l&rsquo;appel du Seigneur, un chemin de conversion et de pr\u00e9paration pour participer \u00e0 la mission de [&hellip;]<\/p>\n","protected":false},"author":1,"featured_media":0,"parent":0,"menu_order":0,"comment_status":"closed","ping_status":"closed","template":"","meta":{"_et_pb_use_builder":"on","_et_pb_old_content":"","_et_gb_content_width":"","footnotes":""},"class_list":["post-1037","page","type-page","status-publish","hentry"],"_links":{"self":[{"href":"https:\/\/ndcompassion.com\/fr\/wp-json\/wp\/v2\/pages\/1037","targetHints":{"allow":["GET"]}}],"collection":[{"href":"https:\/\/ndcompassion.com\/fr\/wp-json\/wp\/v2\/pages"}],"about":[{"href":"https:\/\/ndcompassion.com\/fr\/wp-json\/wp\/v2\/types\/page"}],"author":[{"embeddable":true,"href":"https:\/\/ndcompassion.com\/fr\/wp-json\/wp\/v2\/users\/1"}],"replies":[{"embeddable":true,"href":"https:\/\/ndcompassion.com\/fr\/wp-json\/wp\/v2\/comments?post=1037"}],"version-history":[{"count":11,"href":"https:\/\/ndcompassion.com\/fr\/wp-json\/wp\/v2\/pages\/1037\/revisions"}],"predecessor-version":[{"id":1207,"href":"https:\/\/ndcompassion.com\/fr\/wp-json\/wp\/v2\/pages\/1037\/revisions\/1207"}],"wp:attachment":[{"href":"https:\/\/ndcompassion.com\/fr\/wp-json\/wp\/v2\/media?parent=1037"}],"curies":[{"name":"wp","href":"https:\/\/api.w.org\/{rel}","templated":true}]}}