{"id":92,"date":"2016-05-30T12:22:39","date_gmt":"2016-05-30T12:22:39","guid":{"rendered":"http:\/\/ndcompassion.com\/?page_id=92"},"modified":"2019-05-13T12:15:09","modified_gmt":"2019-05-13T12:15:09","slug":"voluntariado-internacional","status":"publish","type":"page","link":"https:\/\/ndcompassion.com\/es\/voluntariado-internacional\/","title":{"rendered":"Voluntariado internacional"},"content":{"rendered":"<p>[et_pb_section fb_built=\u00bb1&#8243; admin_label=\u00bbsection\u00bb _builder_version=\u00bb3.22.3&#8243;][et_pb_row admin_label=\u00bbFila\u00bb _builder_version=\u00bb3.22.3&#8243; background_size=\u00bbinitial\u00bb background_position=\u00bbtop_left\u00bb background_repeat=\u00bbrepeat\u00bb][et_pb_column type=\u00bb4_4&#8243; _builder_version=\u00bb3.0.47&#8243;][et_pb_post_title meta=\u00bboff\u00bb featured_image=\u00bboff\u00bb admin_label=\u00bbT\u00edtulo de publicaci\u00f3n\u00bb _builder_version=\u00bb3.0.87&#8243; title_all_caps=\u00bbon\u00bb background_color=\u00bbrgba(255,255,255,0)\u00bb parallax=\u00bbon\u00bb parallax_method=\u00bboff\u00bb parallax_effect=\u00bbon\u00bb module_bg_color=\u00bbrgba(255,255,255,0)\u00bb use_border_color=\u00bboff\u00bb border_color=\u00bb#ffffff\u00bb border_style=\u00bbsolid\u00bb] [\/et_pb_post_title][\/et_pb_column][\/et_pb_row][et_pb_row admin_label=\u00bbFila\u00bb _builder_version=\u00bb3.22.3&#8243; background_size=\u00bbinitial\u00bb background_position=\u00bbtop_left\u00bb background_repeat=\u00bbrepeat\u00bb][et_pb_column type=\u00bb1_3&#8243; _builder_version=\u00bb3.0.47&#8243;][et_pb_image src=\u00bbhttp:\/\/ndcompassion.com\/wp-content\/uploads\/2016\/05\/Apoyo-escolar-en-Picota_325.jpg\u00bb alt=\u00bbApoyo escolar en Picota\u00bb admin_label=\u00bbImagen apoyo escolar en Picota\u00bb _builder_version=\u00bb3.0.87&#8243; animation_style=\u00bbslide\u00bb animation_direction=\u00bbleft\u00bb animation_duration=\u00bb500ms\u00bb animation_intensity_slide=\u00bb10%\u00bb use_border_color=\u00bboff\u00bb border_color=\u00bb#ffffff\u00bb border_style=\u00bbsolid\u00bb animation=\u00bbleft\u00bb sticky=\u00bboff\u00bb] [\/et_pb_image][\/et_pb_column][et_pb_column type=\u00bb1_3&#8243; _builder_version=\u00bb3.0.47&#8243;][et_pb_image src=\u00bbhttp:\/\/ndcompassion.com\/wp-content\/uploads\/2016\/05\/La-Tierra-nuestra-casa-comun.jpg\u00bb alt=\u00bbLa Tierra es nuestra casa\u00bb admin_label=\u00bbImagen La Tierra es nuestra casa\u00bb _builder_version=\u00bb3.0.87&#8243; animation_style=\u00bbslide\u00bb animation_direction=\u00bbleft\u00bb animation_duration=\u00bb500ms\u00bb animation_intensity_slide=\u00bb10%\u00bb use_border_color=\u00bboff\u00bb border_color=\u00bb#ffffff\u00bb border_style=\u00bbsolid\u00bb animation=\u00bbleft\u00bb sticky=\u00bboff\u00bb] [\/et_pb_image][\/et_pb_column][et_pb_column type=\u00bb1_3&#8243; _builder_version=\u00bb3.0.47&#8243;][et_pb_image src=\u00bbhttp:\/\/ndcompassion.com\/wp-content\/uploads\/2016\/05\/IMG-20160803-WA0013_325.jpg\u00bb alt=\u00bbPor un Mundo m\u00e1s justo\u00bb admin_label=\u00bbImagen Por un Mundo m\u00e1s justo\u00bb _builder_version=\u00bb3.0.87&#8243; animation_style=\u00bbslide\u00bb animation_direction=\u00bbleft\u00bb animation_duration=\u00bb500ms\u00bb animation_intensity_slide=\u00bb10%\u00bb use_border_color=\u00bboff\u00bb border_color=\u00bb#ffffff\u00bb border_style=\u00bbsolid\u00bb animation=\u00bbleft\u00bb sticky=\u00bboff\u00bb] [\/et_pb_image][\/et_pb_column][\/et_pb_row][et_pb_row admin_label=\u00bbFila\u00bb _builder_version=\u00bb3.22.3&#8243; background_size=\u00bbinitial\u00bb background_position=\u00bbtop_left\u00bb background_repeat=\u00bbrepeat\u00bb][et_pb_column type=\u00bb4_4&#8243; _builder_version=\u00bb3.0.47&#8243;][et_pb_text admin_label=\u00bbTexto Voluntariado Internacional\u00bb _builder_version=\u00bb3.0.87&#8243; background_color=\u00bbrgba(214,174,0,0.31)\u00bb background_size=\u00bbinitial\u00bb background_position=\u00bbtop_left\u00bb background_repeat=\u00bbrepeat\u00bb custom_padding=\u00bb20px|20px|20px|20px\u00bb use_border_color=\u00bboff\u00bb border_color=\u00bb#ffffff\u00bb border_style=\u00bbsolid\u00bb]<\/p>\n<h2>Un Voluntariado Internacional<\/h2>\n<p style=\"text-align: justify;\">El Voluntariado Internacional de las Hermanas de la Compasi\u00f3n es una propuesta para personas de 21 a\u00f1os en adelante que pueden disponer de uno o dos meses de su tiempo (vacaciones u otros momentos) y desean <strong>vivir la aventura de un encuentro<\/strong> con gentes de otras culturas y en otros pa\u00edses distintos del suyo poniendo al servicio de algunos proyectos sus competencias personales y\/o profesionales.<\/p>\n<p style=\"text-align: justify;\">Despu\u00e9s de un tiempo de preparaci\u00f3n, que requiere ciertos compromisos a lo largo de los meses previos a la partida, estas personas son acogidas por una comunidad de Hermanas que vive y lleva a cabo su misi\u00f3n en el lugar de destino. La comunidad proporciona a cada voluntario\/a las condiciones y medios necesarios durante su estancia y para el desarrollo del proyecto, y les abre sus puertas para compartir la mesa, la fe y la misi\u00f3n.<\/p>\n<p style=\"text-align: justify;\"><strong>Al regreso<\/strong> tambi\u00e9n se procura un tiempo y espacio para releer y compartir lo vivido, y descubrir posibles llamadas a otras aventuras de encuentro.<\/p>\n<p>[\/et_pb_text][\/et_pb_column][\/et_pb_row][et_pb_row admin_label=\u00bbFila\u00bb _builder_version=\u00bb3.22.3&#8243; background_size=\u00bbinitial\u00bb background_position=\u00bbtop_left\u00bb background_repeat=\u00bbrepeat\u00bb][et_pb_column type=\u00bb1_3&#8243; _builder_version=\u00bb3.0.47&#8243;][et_pb_image src=\u00bbhttp:\/\/ndcompassion.com\/wp-content\/uploads\/2016\/05\/IMG-20160806-WA0006_325.jpg\u00bb alt=\u00bbDispensario en Yaund\u00e9\u00bb admin_label=\u00bbImagen Dispensario en Yaund\u00e9\u00bb _builder_version=\u00bb3.0.87&#8243; animation_style=\u00bbslide\u00bb animation_direction=\u00bbleft\u00bb animation_duration=\u00bb500ms\u00bb animation_intensity_slide=\u00bb10%\u00bb use_border_color=\u00bboff\u00bb border_color=\u00bb#ffffff\u00bb border_style=\u00bbsolid\u00bb animation=\u00bbleft\u00bb sticky=\u00bboff\u00bb] [\/et_pb_image][et_pb_image src=\u00bbhttp:\/\/ndcompassion.com\/wp-content\/uploads\/2016\/05\/IMG-20160806-WA0017_325.jpg\u00bb alt=\u00bbEducaci\u00f3n en Tarapoto\u00bb admin_label=\u00bbImagen Educaci\u00f3n en Tarapoto\u00bb _builder_version=\u00bb3.0.87&#8243; animation_style=\u00bbslide\u00bb animation_direction=\u00bbleft\u00bb animation_duration=\u00bb500ms\u00bb animation_intensity_slide=\u00bb10%\u00bb use_border_color=\u00bboff\u00bb border_color=\u00bb#ffffff\u00bb border_style=\u00bbsolid\u00bb animation=\u00bbleft\u00bb sticky=\u00bboff\u00bb] [\/et_pb_image][et_pb_image src=\u00bbhttp:\/\/ndcompassion.com\/wp-content\/uploads\/2016\/05\/IMG-20160807-WA0010_325.jpg\u00bb alt=\u00bbLabores en Tarapoto\u00bb admin_label=\u00bbImagen Labores en Tarapoto\u00bb _builder_version=\u00bb3.0.87&#8243; animation_style=\u00bbslide\u00bb animation_direction=\u00bbleft\u00bb animation_duration=\u00bb500ms\u00bb animation_intensity_slide=\u00bb10%\u00bb use_border_color=\u00bboff\u00bb border_color=\u00bb#ffffff\u00bb border_style=\u00bbsolid\u00bb animation=\u00bbleft\u00bb sticky=\u00bboff\u00bb] [\/et_pb_image][et_pb_button button_url=\u00bbhttp:\/\/www.vicomp.org\/blog\/\u00bb url_new_window=\u00bbon\u00bb button_text=\u00bbVisita el Blog del voluntariado\u00bb button_alignment=\u00bbcenter\u00bb admin_label=\u00bbBot\u00f3n\u00bb _builder_version=\u00bb3.16&#8243; custom_button=\u00bbon\u00bb button_text_color=\u00bb#ffffff\u00bb button_bg_color=\u00bb#e09900&#8243; button_use_icon=\u00bbdefault\u00bb button_letter_spacing_hover=\u00bb0&#8243; button_text_size__hover_enabled=\u00bboff\u00bb button_one_text_size__hover_enabled=\u00bboff\u00bb button_two_text_size__hover_enabled=\u00bboff\u00bb button_text_color__hover_enabled=\u00bboff\u00bb button_one_text_color__hover_enabled=\u00bboff\u00bb button_two_text_color__hover_enabled=\u00bboff\u00bb button_border_width__hover_enabled=\u00bboff\u00bb button_one_border_width__hover_enabled=\u00bboff\u00bb button_two_border_width__hover_enabled=\u00bboff\u00bb button_border_color__hover_enabled=\u00bboff\u00bb button_one_border_color__hover_enabled=\u00bboff\u00bb button_two_border_color__hover_enabled=\u00bboff\u00bb button_border_radius__hover_enabled=\u00bboff\u00bb button_one_border_radius__hover_enabled=\u00bboff\u00bb button_two_border_radius__hover_enabled=\u00bboff\u00bb button_letter_spacing__hover_enabled=\u00bbon\u00bb button_letter_spacing__hover=\u00bb0&#8243; button_one_letter_spacing__hover_enabled=\u00bboff\u00bb button_two_letter_spacing__hover_enabled=\u00bboff\u00bb button_bg_color__hover_enabled=\u00bboff\u00bb button_one_bg_color__hover_enabled=\u00bboff\u00bb button_two_bg_color__hover_enabled=\u00bboff\u00bb] [\/et_pb_button][\/et_pb_column][et_pb_column type=\u00bb2_3&#8243; _builder_version=\u00bb3.0.47&#8243;][et_pb_text admin_label=\u00bbTexto aventura del encuentro\u00bb _builder_version=\u00bb3.0.87&#8243; background_size=\u00bbinitial\u00bb background_position=\u00bbtop_left\u00bb background_repeat=\u00bbrepeat\u00bb use_border_color=\u00bboff\u00bb border_color=\u00bb#ffffff\u00bb border_style=\u00bbsolid\u00bb]<\/p>\n<h2>Te invitamos a la aventura del encuentro<\/h2>\n<p style=\"text-align: justify;\">El voluntariado internacional de la Compasi\u00f3n\u00a0es una invitaci\u00f3n a desarrollar acciones solidarias concretas en pa\u00edses empobrecidos, y en realidades de las que tenemos mucho que aprender&#8230;<\/p>\n<p style=\"text-align: justify;\">Es tambi\u00e9n una aventura porque est\u00e1 pensado para personas que se atreven a tomar contacto con esas realidades de otra manera: desde la experiencia del encuentro cercano y vital, no desde lejos y desde nuestras comodidades y a trav\u00e9s de los medios de comunicaci\u00f3n .<\/p>\n<p style=\"text-align: justify;\">Este encuentro con otros y otras, con culturas y experiencias vitales diferentes, nos cambia \u201clas gafas\u201d con las que miramos la vida para redescubrir el valor de lo nuestro.<\/p>\n<p>[\/et_pb_text][et_pb_text admin_label=\u00bbTexto Esta aventura te llevar\u00e1 lejos\u00bb _builder_version=\u00bb3.0.87&#8243; background_size=\u00bbinitial\u00bb background_position=\u00bbtop_left\u00bb background_repeat=\u00bbrepeat\u00bb use_border_color=\u00bboff\u00bb border_color=\u00bb#ffffff\u00bb border_style=\u00bbsolid\u00bb]<\/p>\n<h2>Esta aventura te llevar\u00e1 lejos<\/h2>\n<h3>A Yaund\u00e9 (Camer\u00fan):<\/h3>\n<p style=\"text-align: justify;\">Al encuentro de los ni\u00f1os y j\u00f3venes de un barrio popular, de los usuarios y personal de un centro de salud, de menores privados de libertad&#8230;<\/p>\n<h3>A Tarapoto (Per\u00fa):<\/h3>\n<p style=\"text-align: justify;\">Al encuentro de ni\u00f1os trabajadores, de personas con habilidades diferentes, de promotores de salud en aldeas de la selva amaz\u00f3nica&#8230;<\/p>\n<p>&nbsp;<\/p>\n<h2>Con ellos\/as y para ellos\/as realizar\u00e1s acciones voluntarias concretas:<\/h2>\n<ul>\n<li style=\"text-align: justify;\">En el campo socio educativo: apoyo escolar, formaci\u00f3n socio-comunitaria para ni\u00f1os, apoyo a la integraci\u00f3n, talleres de ocio y tiempo libre para j\u00f3venes y adolescentes, formaci\u00f3n de animadores&#8230;<\/li>\n<li style=\"text-align: justify;\">En la promoci\u00f3n de la salud: talleres para promotores sanitarios locales, campa\u00f1as m\u00e9dicas, atenci\u00f3n de botiquines,&#8230;<\/li>\n<li style=\"text-align: justify;\">Participar\u00e1s as\u00ed de iniciativas y actividades que se vienen desarrollando en estos lugares por las Hermanas de la Compasi\u00f3n junto con otros profesionales y voluntarios locales.<\/li>\n<\/ul>\n<p>[\/et_pb_text][et_pb_text admin_label=\u00bbTexto descubrir\u00e1s un %22tesoro%22&#8243; _builder_version=\u00bb3.0.87&#8243; background_size=\u00bbinitial\u00bb background_position=\u00bbtop_left\u00bb background_repeat=\u00bbrepeat\u00bb use_border_color=\u00bboff\u00bb border_color=\u00bb#ffffff\u00bb border_style=\u00bbsolid\u00bb]<\/p>\n<h2>Y descubrir\u00e1s un \u00abtesoro\u00bb:<\/h2>\n<ul>\n<li style=\"text-align: justify;\">La Compasi\u00f3n que llevas dentro.<\/li>\n<li style=\"text-align: justify;\">La belleza de la sencillez y la gratitud.<\/li>\n<li style=\"text-align: justify;\">La alegr\u00eda de recibir mucho por muy poco.<\/li>\n<li style=\"text-align: justify;\">La riqueza de la interculturalidad y de trabajar con otros por un mundo m\u00e1s justo.<\/li>\n<li style=\"text-align: justify;\">Y quiz\u00e1 este tesoro cambie tu vida para siempre.<\/li>\n<\/ul>\n<p>&nbsp;<br \/>\n[\/et_pb_text][\/et_pb_column][\/et_pb_row][et_pb_row custom_padding=\u00bb20px|20px|20px|20px\u00bb padding_mobile=\u00bboff\u00bb column_padding_mobile=\u00bbon\u00bb custom_padding_last_edited=\u00bboff|desktop\u00bb parallax_method_1=\u00bboff\u00bb parallax_method_2=\u00bboff\u00bb admin_label=\u00bbFila\u00bb _builder_version=\u00bb3.22.3&#8243; background_color=\u00bbrgba(214,174,0,0.31)\u00bb background_size=\u00bbinitial\u00bb background_position=\u00bbtop_left\u00bb background_repeat=\u00bbrepeat\u00bb make_fullwidth=\u00bboff\u00bb use_custom_width=\u00bboff\u00bb width_unit=\u00bbon\u00bb][et_pb_column type=\u00bb1_2&#8243; _builder_version=\u00bb3.0.47&#8243;][et_pb_text admin_label=\u00bbTexto La Compasi\u00f3n que llevas dentro\u00bb _builder_version=\u00bb3.0.87&#8243; background_size=\u00bbinitial\u00bb background_position=\u00bbtop_left\u00bb background_repeat=\u00bbrepeat\u00bb use_border_color=\u00bboff\u00bb border_color=\u00bb#ffffff\u00bb border_style=\u00bbsolid\u00bb]<\/p>\n<h3>Si est\u00e1s interesad@&#8230;<\/h3>\n<ul>\n<li style=\"text-align: justify;\">Rellena el formulario y no olvides explicar bien tus motivaciones.<\/li>\n<li style=\"text-align: justify;\">Env\u00eda por e-mail tu Curr\u00edculum Vitae a&#8230;\u00a0vintercompa@gmail.com<\/li>\n<li style=\"text-align: justify;\">Ponte en <a href=\"https:\/\/ndcompassion.com\/es\/donde-estamos\/\">contacto<\/a> con nosotras si tienes alguna duda o necesitas m\u00e1s informaci\u00f3n.<\/li>\n<\/ul>\n<h3>As\u00ed nosotras podremos:<\/h3>\n<ul>\n<li style=\"text-align: justify;\">Confirmar si eres candidato\/a para esta aventura.<\/li>\n<li style=\"text-align: justify;\">Contactar contigo y proponerte un primer encuentro (virtual o presencial).<\/li>\n<\/ul>\n<p>[\/et_pb_text][\/et_pb_column][et_pb_column type=\u00bb1_2&#8243; _builder_version=\u00bb3.0.47&#8243;][et_pb_contact_form email=\u00bbvicomp@rrcompasion.com\u00bb title=\u00bbFormulario del Voluntariado\u00bb success_message=\u00bbGracias por contactar, te responderemos en la mayor brevedad posible.\u00bb form_background_color=\u00bb#ffffff\u00bb admin_label=\u00bbFormulario de contacto Voluntariado\u00bb _builder_version=\u00bb3.22.7&#8243; border_radii=\u00bbon|0px|0px|0px|0px\u00bb use_border_color=\u00bboff\u00bb border_color=\u00bb#ffffff\u00bb border_style=\u00bbsolid\u00bb input_border_radius=\u00bb0&#8243; button_letter_spacing_hover=\u00bb0&#8243;][et_pb_contact_field field_id=\u00bbNombre\u00bb field_title=\u00bbNombre\u00bb fullwidth_field=\u00bbon\u00bb _builder_version=\u00bb3.16&#8243; form_field_font=\u00bb||||\u00bb border_radii=\u00bbon||||\u00bb use_border_color=\u00bboff\u00bb border_style=\u00bbsolid\u00bb button_text_size__hover_enabled=\u00bboff\u00bb button_one_text_size__hover_enabled=\u00bboff\u00bb button_two_text_size__hover_enabled=\u00bboff\u00bb button_text_color__hover_enabled=\u00bboff\u00bb button_one_text_color__hover_enabled=\u00bboff\u00bb button_two_text_color__hover_enabled=\u00bboff\u00bb button_border_width__hover_enabled=\u00bboff\u00bb button_one_border_width__hover_enabled=\u00bboff\u00bb button_two_border_width__hover_enabled=\u00bboff\u00bb button_border_color__hover_enabled=\u00bboff\u00bb button_one_border_color__hover_enabled=\u00bboff\u00bb button_two_border_color__hover_enabled=\u00bboff\u00bb button_border_radius__hover_enabled=\u00bboff\u00bb button_one_border_radius__hover_enabled=\u00bboff\u00bb button_two_border_radius__hover_enabled=\u00bboff\u00bb button_letter_spacing__hover_enabled=\u00bboff\u00bb button_one_letter_spacing__hover_enabled=\u00bboff\u00bb button_two_letter_spacing__hover_enabled=\u00bboff\u00bb button_bg_color__hover_enabled=\u00bboff\u00bb button_one_bg_color__hover_enabled=\u00bboff\u00bb button_two_bg_color__hover_enabled=\u00bboff\u00bb] [\/et_pb_contact_field][et_pb_contact_field field_id=\u00bbEmail\u00bb field_title=\u00bbDirecci\u00f3n de correo electr\u00f3nico\u00bb field_type=\u00bbemail\u00bb fullwidth_field=\u00bbon\u00bb _builder_version=\u00bb3.16&#8243; form_field_font=\u00bb||||\u00bb border_radii=\u00bbon||||\u00bb use_border_color=\u00bboff\u00bb border_style=\u00bbsolid\u00bb button_text_size__hover_enabled=\u00bboff\u00bb button_one_text_size__hover_enabled=\u00bboff\u00bb button_two_text_size__hover_enabled=\u00bboff\u00bb button_text_color__hover_enabled=\u00bboff\u00bb button_one_text_color__hover_enabled=\u00bboff\u00bb button_two_text_color__hover_enabled=\u00bboff\u00bb button_border_width__hover_enabled=\u00bboff\u00bb button_one_border_width__hover_enabled=\u00bboff\u00bb button_two_border_width__hover_enabled=\u00bboff\u00bb button_border_color__hover_enabled=\u00bboff\u00bb button_one_border_color__hover_enabled=\u00bboff\u00bb button_two_border_color__hover_enabled=\u00bboff\u00bb button_border_radius__hover_enabled=\u00bboff\u00bb button_one_border_radius__hover_enabled=\u00bboff\u00bb button_two_border_radius__hover_enabled=\u00bboff\u00bb button_letter_spacing__hover_enabled=\u00bboff\u00bb button_one_letter_spacing__hover_enabled=\u00bboff\u00bb button_two_letter_spacing__hover_enabled=\u00bboff\u00bb button_bg_color__hover_enabled=\u00bboff\u00bb button_one_bg_color__hover_enabled=\u00bboff\u00bb button_two_bg_color__hover_enabled=\u00bboff\u00bb] [\/et_pb_contact_field][et_pb_contact_field field_id=\u00bbMensaje\u00bb field_title=\u00bbMensaje\u00bb field_type=\u00bbtext\u00bb required_mark=\u00bboff\u00bb fullwidth_field=\u00bbon\u00bb _builder_version=\u00bb3.16&#8243; form_field_font=\u00bb||||\u00bb border_radii=\u00bbon||||\u00bb use_border_color=\u00bboff\u00bb border_style=\u00bbsolid\u00bb button_text_size__hover_enabled=\u00bboff\u00bb button_one_text_size__hover_enabled=\u00bboff\u00bb button_two_text_size__hover_enabled=\u00bboff\u00bb button_text_color__hover_enabled=\u00bboff\u00bb button_one_text_color__hover_enabled=\u00bboff\u00bb button_two_text_color__hover_enabled=\u00bboff\u00bb button_border_width__hover_enabled=\u00bboff\u00bb button_one_border_width__hover_enabled=\u00bboff\u00bb button_two_border_width__hover_enabled=\u00bboff\u00bb button_border_color__hover_enabled=\u00bboff\u00bb button_one_border_color__hover_enabled=\u00bboff\u00bb button_two_border_color__hover_enabled=\u00bboff\u00bb button_border_radius__hover_enabled=\u00bboff\u00bb button_one_border_radius__hover_enabled=\u00bboff\u00bb button_two_border_radius__hover_enabled=\u00bboff\u00bb button_letter_spacing__hover_enabled=\u00bboff\u00bb button_one_letter_spacing__hover_enabled=\u00bboff\u00bb button_two_letter_spacing__hover_enabled=\u00bboff\u00bb button_bg_color__hover_enabled=\u00bboff\u00bb button_one_bg_color__hover_enabled=\u00bboff\u00bb button_two_bg_color__hover_enabled=\u00bboff\u00bb] [\/et_pb_contact_field][et_pb_contact_field field_id=\u00bbconsentimiento\u00bb field_title=\u00bbConsentimiento\u00bb field_type=\u00bbcheckbox\u00bb checkbox_options=\u00bb%91{%22value%22:%22Acepto la %22,%22checked%22:0,%22dragID%22:-1,%22link_url%22:%22http:\/\/es\/politica-de-privacidad\/%22,%22link_text%22:%22pol\u00edtica de privacidad%22}%93&#8243; fullwidth_field=\u00bbon\u00bb _builder_version=\u00bb3.22.7&#8243;][\/et_pb_contact_field][\/et_pb_contact_form][\/et_pb_column][\/et_pb_row][\/et_pb_section]<\/p>\n","protected":false},"excerpt":{"rendered":"<p>Un Voluntariado Internacional El Voluntariado Internacional de las Hermanas de la Compasi\u00f3n es una propuesta para personas de 21 a\u00f1os en adelante que pueden disponer de uno o dos meses de su tiempo (vacaciones u otros momentos) y desean vivir la aventura de un encuentro con gentes de otras culturas y en otros pa\u00edses distintos [&hellip;]<\/p>\n","protected":false},"author":1,"featured_media":0,"parent":0,"menu_order":0,"comment_status":"closed","ping_status":"closed","template":"","meta":{"_et_pb_use_builder":"on","_et_pb_old_content":"","_et_gb_content_width":"","footnotes":""},"class_list":["post-92","page","type-page","status-publish","hentry"],"_links":{"self":[{"href":"https:\/\/ndcompassion.com\/es\/wp-json\/wp\/v2\/pages\/92","targetHints":{"allow":["GET"]}}],"collection":[{"href":"https:\/\/ndcompassion.com\/es\/wp-json\/wp\/v2\/pages"}],"about":[{"href":"https:\/\/ndcompassion.com\/es\/wp-json\/wp\/v2\/types\/page"}],"author":[{"embeddable":true,"href":"https:\/\/ndcompassion.com\/es\/wp-json\/wp\/v2\/users\/1"}],"replies":[{"embeddable":true,"href":"https:\/\/ndcompassion.com\/es\/wp-json\/wp\/v2\/comments?post=92"}],"version-history":[{"count":35,"href":"https:\/\/ndcompassion.com\/es\/wp-json\/wp\/v2\/pages\/92\/revisions"}],"predecessor-version":[{"id":1491,"href":"https:\/\/ndcompassion.com\/es\/wp-json\/wp\/v2\/pages\/92\/revisions\/1491"}],"wp:attachment":[{"href":"https:\/\/ndcompassion.com\/es\/wp-json\/wp\/v2\/media?parent=92"}],"curies":[{"name":"wp","href":"https:\/\/api.w.org\/{rel}","templated":true}]}}