{"id":90,"date":"2016-05-30T12:21:51","date_gmt":"2016-05-30T12:21:51","guid":{"rendered":"http:\/\/ndcompassion.com\/?page_id=90"},"modified":"2016-06-21T22:51:27","modified_gmt":"2016-06-21T22:51:27","slug":"comunidades-cristianas-compasionistas","status":"publish","type":"page","link":"https:\/\/ndcompassion.com\/es\/comunidades-cristianas-compasionistas\/","title":{"rendered":"Comunidades cristianas compasionistas (CCC)"},"content":{"rendered":"<p>[et_pb_section admin_label=\u00bbsection\u00bb][et_pb_row admin_label=\u00bbFila\u00bb][et_pb_column type=\u00bb4_4&#8243;][et_pb_post_title admin_label=\u00bbT\u00edtulo de publicaci\u00f3n\u00bb title=\u00bbon\u00bb meta=\u00bboff\u00bb author=\u00bbon\u00bb date=\u00bbon\u00bb categories=\u00bbon\u00bb comments=\u00bbon\u00bb featured_image=\u00bboff\u00bb featured_placement=\u00bbbelow\u00bb parallax_effect=\u00bbon\u00bb parallax_method=\u00bbon\u00bb text_orientation=\u00bbleft\u00bb text_color=\u00bbdark\u00bb text_background=\u00bboff\u00bb text_bg_color=\u00bbrgba(255,255,255,0.9)\u00bb module_bg_color=\u00bbrgba(255,255,255,0)\u00bb title_all_caps=\u00bbon\u00bb use_border_color=\u00bboff\u00bb border_color=\u00bb#ffffff\u00bb border_style=\u00bbsolid\u00bb] [\/et_pb_post_title][\/et_pb_column][\/et_pb_row][et_pb_row admin_label=\u00bbrow\u00bb][et_pb_column type=\u00bb4_4&#8243;][et_pb_text admin_label=\u00bbTexto Ser Laico Compasionista\u00bb background_layout=\u00bblight\u00bb text_orientation=\u00bbleft\u00bb use_border_color=\u00bboff\u00bb border_color=\u00bb#ffffff\u00bb border_style=\u00bbsolid\u00bb]<\/p>\n<h3 style=\"text-align: center;\">Ser Laico Compasionista, es ser vida en el Mundo<\/h3>\n<p style=\"text-align: justify;\">Al igual que los disc\u00edpulos con Jes\u00fas que lo siguieron, escucharon sus ense\u00f1anzas y se aferraron a ellas, el LAICO COMPASIONISTA, es la persona que se forma bajo la direcci\u00f3n y el acompa\u00f1amiento de las Hermanas de Nuestra Se\u00f1ora de la Compasi\u00f3n en palabras y en obras concretas.<\/p>\n<p style=\"text-align: justify;\">Adquiere un estilo de vida que se alimenta y fortalece al beber el carisma y la espiritualidad del padre fundador Mauricio Garrigou. Contempla, escucha, acoge y act\u00faa dej\u00e1ndose guiar por el Esp\u00edritu de la compasi\u00f3n de Dios con el fin de dar respuestas solidarias y compasivas, dando soluci\u00f3n a las necesidades de nuestras hermanas y hermanos m\u00e1s necesitados de nuestro mundo.<\/p>\n<p>[\/et_pb_text][\/et_pb_column][\/et_pb_row][et_pb_row admin_label=\u00bbFila\u00bb][et_pb_column type=\u00bb1_2&#8243;][et_pb_image admin_label=\u00bbImagen Comunidad Laica Compasionista\u00bb src=\u00bbhttp:\/\/ndcompassion.com\/wp-content\/uploads\/2016\/05\/Comunidad-Laica-Compasionista.jpg\u00bb alt=\u00bbComunidad Laica Compasionista\u00bb show_in_lightbox=\u00bboff\u00bb url_new_window=\u00bboff\u00bb use_overlay=\u00bboff\u00bb animation=\u00bbleft\u00bb sticky=\u00bboff\u00bb align=\u00bbleft\u00bb force_fullwidth=\u00bboff\u00bb always_center_on_mobile=\u00bbon\u00bb use_border_color=\u00bboff\u00bb border_color=\u00bb#ffffff\u00bb border_style=\u00bbsolid\u00bb] [\/et_pb_image][\/et_pb_column][et_pb_column type=\u00bb1_2&#8243;][et_pb_image admin_label=\u00bbImagen Ser Laico Compasionista\u00bb src=\u00bbhttp:\/\/ndcompassion.com\/wp-content\/uploads\/2016\/05\/Ser-Laico-Compasionista.jpg\u00bb alt=\u00bbSer Laico Compasionista\u00bb show_in_lightbox=\u00bboff\u00bb url_new_window=\u00bboff\u00bb use_overlay=\u00bboff\u00bb animation=\u00bbleft\u00bb sticky=\u00bboff\u00bb align=\u00bbleft\u00bb force_fullwidth=\u00bboff\u00bb always_center_on_mobile=\u00bbon\u00bb use_border_color=\u00bboff\u00bb border_color=\u00bb#ffffff\u00bb border_style=\u00bbsolid\u00bb] [\/et_pb_image][\/et_pb_column][\/et_pb_row][et_pb_row admin_label=\u00bbrow\u00bb][et_pb_column type=\u00bb4_4&#8243;][et_pb_text admin_label=\u00bbTexto continuaci\u00f3n Ser Laico Compasionista\u00bb background_layout=\u00bblight\u00bb text_orientation=\u00bbleft\u00bb use_border_color=\u00bboff\u00bb border_color=\u00bb#ffffff\u00bb border_style=\u00bbsolid\u00bb]<\/p>\n<p style=\"text-align: justify;\">El LAICO COMPASIONISTA se mira a s\u00ed mismo y a los dem\u00e1s de manera diferente, siente y act\u00faa movido por el carisma y espiritualidad de la Compasi\u00f3n que nace a ra\u00edz de la contemplaci\u00f3n de CRISTO llagado y coronado de espinas y de MARIA al pie de la CRUZ de su Hijo que se prolonga y se refleja en la realidad de nuestros pueblos.<\/p>\n<p style=\"text-align: justify;\">Esta contemplaci\u00f3n lo lleva a la pr\u00e1ctica y a ponerse al lado de cada ser sufriente de la sociedad, pero no se queda en contemplaci\u00f3n, sino que se abaja al nivel del que sufre, del marginado, del d\u00e9bil y se solidariza con \u00e9l haci\u00e9ndolo sentir amado y valorado por nuestro Dios compasivo, lo cual lo lleva a calzar el zapato del otro, a ser con \u00e9l para que alcance una vida digna, sustentado en la misericordia y la ternura.<\/p>\n<p style=\"text-align: justify;\">Ser LAICO COMPASIONISTA es encontrar a DIOS en la vida cotidiana, es decir, en el d\u00eda a d\u00eda de la vida personal, familiar, en el lugar donde ejerce su profesi\u00f3n, de sus relaciones vecinales y vida social, en las decisiones \u00e9ticas, en la acci\u00f3n ciudadana en el amplio tema de los derechos humanos, en la defensa por la vida, adem\u00e1s en el camino de la econom\u00eda, en la participaci\u00f3n activa en la pol\u00edtica, en el mundo de la cultura, etc. Es decir, el laico compasionista act\u00faa en los lugares donde se mueve y en los espacios a donde Dios le sigue llamando y enviando a vivir su Compasi\u00f3n cada d\u00eda.<\/p>\n<p style=\"text-align: justify;\">Ser LAICO COMPASIONISTA encierra un compromiso muy grande y significativo, es ser herramienta de DIOS COMPASIVO, donde se sirve a los hermanos necesitados sin distinci\u00f3n, partiendo del principal mandamiento \u201cAMAR A DIOS SOBRE TODAS LAS COSAS Y AL PROJIMO COMO A SI MISMO\u201d.<\/p>\n<p style=\"text-align: justify;\">Todo esto implica un compromiso permanente y a la vez una exigencia frente a su vocaci\u00f3n, siendo testimonio con su vida y sus palabras. Aceptando que todo lo que va viviendo y los obst\u00e1culos que va encontrando en el camino no siempre son f\u00e1ciles. Tiene dificultades, contrariedades, incomprensiones porque no todo le sale bien.<\/p>\n<p style=\"text-align: justify;\">El Laico Compasionista es abierto a acoger a otros que quieren sumarse a este estilo de vida. Aprende y trabaja en equipo con los dem\u00e1s, no de manera solitaria\u2026Va entrando en complementariedad y en comuni\u00f3n junto con los otros que buscan realizarse en la vida y se va abriendo a una misi\u00f3n m\u00e1s universal all\u00ed donde la Congregaci\u00f3n est\u00e1 presente.<\/p>\n<p style=\"text-align: justify;\">Por \u00faltimo, el Laico Compasionista tiene la certeza que DIOS va delante de \u00e9l mostr\u00e1ndole el camino y nunca le abandona.<\/p>\n<p style=\"text-align: justify;\">CCC CALI &#8211; COLOMBIA<\/p>\n<p>[\/et_pb_text][\/et_pb_column][\/et_pb_row][\/et_pb_section]<\/p>\n","protected":false},"excerpt":{"rendered":"<p>Ser Laico Compasionista, es ser vida en el Mundo Al igual que los disc\u00edpulos con Jes\u00fas que lo siguieron, escucharon sus ense\u00f1anzas y se aferraron a ellas, el LAICO COMPASIONISTA, es la persona que se forma bajo la direcci\u00f3n y el acompa\u00f1amiento de las Hermanas de Nuestra Se\u00f1ora de la Compasi\u00f3n en palabras y en [&hellip;]<\/p>\n","protected":false},"author":1,"featured_media":0,"parent":0,"menu_order":0,"comment_status":"closed","ping_status":"closed","template":"","meta":{"_et_pb_use_builder":"on","_et_pb_old_content":"","_et_gb_content_width":"","footnotes":""},"class_list":["post-90","page","type-page","status-publish","hentry"],"_links":{"self":[{"href":"https:\/\/ndcompassion.com\/es\/wp-json\/wp\/v2\/pages\/90","targetHints":{"allow":["GET"]}}],"collection":[{"href":"https:\/\/ndcompassion.com\/es\/wp-json\/wp\/v2\/pages"}],"about":[{"href":"https:\/\/ndcompassion.com\/es\/wp-json\/wp\/v2\/types\/page"}],"author":[{"embeddable":true,"href":"https:\/\/ndcompassion.com\/es\/wp-json\/wp\/v2\/users\/1"}],"replies":[{"embeddable":true,"href":"https:\/\/ndcompassion.com\/es\/wp-json\/wp\/v2\/comments?post=90"}],"version-history":[{"count":9,"href":"https:\/\/ndcompassion.com\/es\/wp-json\/wp\/v2\/pages\/90\/revisions"}],"predecessor-version":[{"id":608,"href":"https:\/\/ndcompassion.com\/es\/wp-json\/wp\/v2\/pages\/90\/revisions\/608"}],"wp:attachment":[{"href":"https:\/\/ndcompassion.com\/es\/wp-json\/wp\/v2\/media?parent=90"}],"curies":[{"name":"wp","href":"https:\/\/api.w.org\/{rel}","templated":true}]}}