{"id":85,"date":"2016-05-30T12:19:17","date_gmt":"2016-05-30T12:19:17","guid":{"rendered":"http:\/\/ndcompassion.com\/?page_id=85"},"modified":"2016-11-18T14:22:01","modified_gmt":"2016-11-18T14:22:01","slug":"la-formacion-y-sus-etapas","status":"publish","type":"page","link":"https:\/\/ndcompassion.com\/es\/la-formacion-y-sus-etapas\/","title":{"rendered":"La formaci\u00f3n y sus etapas"},"content":{"rendered":"<p>[et_pb_section admin_label=\u00bbsection\u00bb][et_pb_row admin_label=\u00bbFila\u00bb][et_pb_column type=\u00bb4_4&#8243;][et_pb_post_title admin_label=\u00bbT\u00edtulo de publicaci\u00f3n\u00bb title=\u00bbon\u00bb meta=\u00bboff\u00bb author=\u00bbon\u00bb date=\u00bbon\u00bb categories=\u00bbon\u00bb comments=\u00bbon\u00bb featured_image=\u00bboff\u00bb featured_placement=\u00bbbelow\u00bb parallax_effect=\u00bbon\u00bb parallax_method=\u00bbon\u00bb text_orientation=\u00bbleft\u00bb text_color=\u00bbdark\u00bb text_background=\u00bboff\u00bb text_bg_color=\u00bbrgba(255,255,255,0.9)\u00bb module_bg_color=\u00bbrgba(255,255,255,0)\u00bb title_all_caps=\u00bboff\u00bb use_border_color=\u00bboff\u00bb border_color=\u00bb#ffffff\u00bb border_style=\u00bbsolid\u00bb] [\/et_pb_post_title][\/et_pb_column][\/et_pb_row][et_pb_row admin_label=\u00bbrow\u00bb][et_pb_column type=\u00bb4_4&#8243;][et_pb_text admin_label=\u00bbTexto\u00bb background_layout=\u00bblight\u00bb text_orientation=\u00bbleft\u00bb use_border_color=\u00bboff\u00bb border_color=\u00bb#ffffff\u00bb border_style=\u00bbsolid\u00bb]<\/p>\n<h2 style=\"text-align: center;\">\u00abHasta que Cristo sea formado en vosotros\u00bb (Gal 4, 19b)<\/h2>\n<p style=\"text-align: justify;\">La integraci\u00f3n de nuevos miembros en la Congregaci\u00f3n se realiza mediante un proceso de formaci\u00f3n que es a la vez respuesta personal y libre a llamada del Se\u00f1or, camino de conversi\u00f3n y preparaci\u00f3n para participar en la misi\u00f3n de la Iglesia seg\u00fan el carisma de la Congregaci\u00f3n.<\/p>\n<p style=\"text-align: justify;\">La Congregaci\u00f3n tiene por misi\u00f3n, confirmar esta llamada y favorece la acci\u00f3n de Dios proporcionando los medios adecuados para que esta respuesta personal pueda darse con convicci\u00f3n y libertad.<\/p>\n<p style=\"text-align: justify;\">La formaci\u00f3n no termina en el momento de la profesi\u00f3n perpetua. Se trata de una tarea que abarca toda la vida a fin de mantener vivo en cada hermana el dinamismo de su fidelidad.<\/p>\n<p style=\"text-align: justify;\">Cuatro son las etapas en las que se desarrolla la Formaci\u00f3n. Las tres primeras constituyen el tiempo de formaci\u00f3n inicial y tienen por finalidad la integraci\u00f3n progresiva de la aspirante en la Congregaci\u00f3n, en una actitud de acogida rec\u00edproca.<\/p>\n<p>[\/et_pb_text][\/et_pb_column][\/et_pb_row][et_pb_row admin_label=\u00bbFila\u00bb][et_pb_column type=\u00bb1_3&#8243;][et_pb_image admin_label=\u00bbImagen Postulantado\u00bb src=\u00bbhttp:\/\/ndcompassion.com\/wp-content\/uploads\/2016\/05\/Postulantado-opcion-2_.jpg\u00bb show_in_lightbox=\u00bboff\u00bb url_new_window=\u00bboff\u00bb use_overlay=\u00bboff\u00bb animation=\u00bbleft\u00bb sticky=\u00bboff\u00bb align=\u00bbleft\u00bb force_fullwidth=\u00bboff\u00bb always_center_on_mobile=\u00bbon\u00bb use_border_color=\u00bboff\u00bb border_color=\u00bb#ffffff\u00bb border_style=\u00bbsolid\u00bb alt=\u00bbPostulantado\u00bb] [\/et_pb_image][\/et_pb_column][et_pb_column type=\u00bb2_3&#8243;][et_pb_text admin_label=\u00bbTexto Postulantado\u00bb background_layout=\u00bblight\u00bb text_orientation=\u00bbleft\u00bb use_border_color=\u00bboff\u00bb border_color=\u00bb#ffffff\u00bb border_style=\u00bbsolid\u00bb]<\/p>\n<h3>Postulantado: \u00abMaestro \u00bfd\u00f3nde vives?\u00bb (Jn, 1, 38)<\/h3>\n<p style=\"text-align: justify;\">Se inicia tras un tiempo previsto para establecer los primeros contactos y comprobar si existen motivaciones y preparaci\u00f3n suficientes para comenzar el proceso de formaci\u00f3n.<\/p>\n<p style=\"text-align: justify;\">El Postulantado es un tiempo de progresiva maduraci\u00f3n humana, de profundizaci\u00f3n en la vida cristiana, de descubrimiento y cierto conocimiento de la Congregaci\u00f3n y de discernimiento de su vocaci\u00f3n espec\u00edfica en la Iglesia con vistas a realizar la experiencia de Noviciado.<\/p>\n<p style=\"text-align: justify;\">(Duraci\u00f3n : entre 6 meses y 2 a\u00f1os)<\/p>\n<p>[\/et_pb_text][\/et_pb_column][\/et_pb_row][et_pb_row admin_label=\u00bbFila\u00bb][et_pb_column type=\u00bb1_3&#8243;][et_pb_image admin_label=\u00bbImagen Noviciado\u00bb src=\u00bbhttp:\/\/ndcompassion.com\/wp-content\/uploads\/2016\/05\/Noviciado_.jpg\u00bb show_in_lightbox=\u00bboff\u00bb url_new_window=\u00bboff\u00bb use_overlay=\u00bboff\u00bb animation=\u00bbleft\u00bb sticky=\u00bboff\u00bb align=\u00bbleft\u00bb force_fullwidth=\u00bboff\u00bb always_center_on_mobile=\u00bbon\u00bb use_border_color=\u00bboff\u00bb border_color=\u00bb#ffffff\u00bb border_style=\u00bbsolid\u00bb alt=\u00bbNoviciado\u00bb] [\/et_pb_image][\/et_pb_column][et_pb_column type=\u00bb2_3&#8243;][et_pb_text admin_label=\u00bbTexto Noviciado\u00bb background_layout=\u00bblight\u00bb text_orientation=\u00bbleft\u00bb use_border_color=\u00bboff\u00bb border_color=\u00bb#ffffff\u00bb border_style=\u00bbsolid\u00bb]<\/p>\n<h3 lang=\"es-ES\" align=\"justify\">Noviciado: \u00abVenid y ver\u00e9is\u00bb (Jn, 1, 39)<\/h3>\n<p lang=\"es-ES\" style=\"text-align: justify;\" align=\"justify\">Es la primera experiencias de vida religiosa en la Congregaci\u00f3n. Implica una ruptura con el estilo de vida anterior, una entrada efectiva en la vida comunitaria y una participaci\u00f3n en la misi\u00f3n de la Congregaci\u00f3n.<\/p>\n<p lang=\"es-ES\" style=\"text-align: justify;\" align=\"justify\">Se caracteriza por el aprendizaje de esta nueva forma de vida y por ser un tiempo privilegiado de conversi\u00f3n a la persona de Jes\u00fas. As\u00ed contin\u00faa el discernimiento de su vocaci\u00f3n y se prepara para pronunciar los primeros votos.<\/p>\n<p lang=\"es-ES\" style=\"text-align: justify;\" align=\"justify\">Duraci\u00f3n: 2 a\u00f1os.<\/p>\n<p>[\/et_pb_text][\/et_pb_column][\/et_pb_row][et_pb_row admin_label=\u00bbFila\u00bb][et_pb_column type=\u00bb1_3&#8243;][et_pb_image admin_label=\u00bbImagen Juniorado\u00bb src=\u00bbhttp:\/\/ndcompassion.com\/wp-content\/uploads\/2016\/05\/Juniorado_.jpg\u00bb show_in_lightbox=\u00bboff\u00bb url_new_window=\u00bboff\u00bb use_overlay=\u00bboff\u00bb animation=\u00bbleft\u00bb sticky=\u00bboff\u00bb align=\u00bbleft\u00bb force_fullwidth=\u00bboff\u00bb always_center_on_mobile=\u00bbon\u00bb use_border_color=\u00bboff\u00bb border_color=\u00bb#ffffff\u00bb border_style=\u00bbsolid\u00bb alt=\u00bbJuniorado\u00bb] [\/et_pb_image][\/et_pb_column][et_pb_column type=\u00bb2_3&#8243;][et_pb_text admin_label=\u00bbTexto Juniorado\u00bb background_layout=\u00bblight\u00bb text_orientation=\u00bbleft\u00bb use_border_color=\u00bboff\u00bb border_color=\u00bb#ffffff\u00bb border_style=\u00bbsolid\u00bb]<\/p>\n<h3>Juniorado (Votos temporales): \u00abY se quedaron con \u00c9l\u00bb (Jn 1, 39 b)<\/h3>\n<p style=\"text-align: justify;\">Comienza con el primer compromiso temporal, que hace de la novicia miembro de la Congregaci\u00f3n.<\/p>\n<p style=\"text-align: justify;\">Esta etapa se caracteriza por la incorporaci\u00f3n la vida de la comunidad a la que es enviada para vivir la misi\u00f3n a trav\u00e9s de un compromiso laboral o de los estudios propuestos, seg\u00fan sus posibilidades y los momentos de la etapa.<\/p>\n<p style=\"text-align: justify;\">La juniora va aprendiendo a vivir toda actividad y\/o profesi\u00f3n como misi\u00f3n y a integrarla en la de la comunidad. Va unificando su vida en el amor a Jes\u00fas y la entrega a su Reino desde el carisma propio de la Congregaci\u00f3n.<\/p>\n<p style=\"text-align: justify;\">Este tiempo culmina con la preparaci\u00f3n inmediata a la profesi\u00f3n perpetua que permita a la hermana tomar nueva conciencia de las motivaciones que le impulsan a tal opci\u00f3n y de las exigencias radicales de la misma.<\/p>\n<p style=\"text-align: justify;\">(Duraci\u00f3n: entre 5 y 9 a\u00f1os)<\/p>\n<p>[\/et_pb_text][\/et_pb_column][\/et_pb_row][et_pb_row admin_label=\u00bbFila\u00bb][et_pb_column type=\u00bb1_3&#8243;][et_pb_image admin_label=\u00bbImagen Formaci\u00f3n permanente\u00bb src=\u00bbhttp:\/\/ndcompassion.com\/wp-content\/uploads\/2016\/05\/Formacion-Permanente_-1.jpg\u00bb show_in_lightbox=\u00bboff\u00bb url_new_window=\u00bboff\u00bb use_overlay=\u00bboff\u00bb animation=\u00bbleft\u00bb sticky=\u00bboff\u00bb align=\u00bbleft\u00bb force_fullwidth=\u00bboff\u00bb always_center_on_mobile=\u00bbon\u00bb use_border_color=\u00bboff\u00bb border_color=\u00bb#ffffff\u00bb border_style=\u00bbsolid\u00bb alt=\u00bbFormaci\u00f3n permanente\u00bb] [\/et_pb_image][\/et_pb_column][et_pb_column type=\u00bb2_3&#8243;][et_pb_text admin_label=\u00bbTexto Formaci\u00f3n permanente\u00bb background_layout=\u00bblight\u00bb text_orientation=\u00bbleft\u00bb use_border_color=\u00bboff\u00bb border_color=\u00bb#ffffff\u00bb border_style=\u00bbsolid\u00bb]<\/p>\n<h3>Formaci\u00f3n Permanente: \u201cLos llam\u00f3 para estar con \u00c9l y enviarlos&#8230;\u201d (Mc. 3, 14 b)<\/h3>\n<p style=\"text-align: justify;\">Es la \u00faltima etapa del proceso de formaci\u00f3n y se inicia a partir de la profesi\u00f3n perpetua.<\/p>\n<p style=\"text-align: justify;\">Tiene como fin ayudar a vivir toda la existencia en actitud de respuesta gozosa a Aquel que nos llam\u00f3 un d\u00eda a la Compasi\u00f3n y que sigue recreando constantemente esta llamada en un mundo que cambia r\u00e1pida y profundamente (Const. art 200):<\/p>\n<ul>\n<li style=\"text-align: justify;\">Renovando la opci\u00f3n por Dios como Absoluto de nuestra vida<\/li>\n<li>Profundizando la actitud de sencillez evang\u00e9lica que es la b\u00fasqueda sincera y constante de la voluntad del Padre en disponibilidad filial para la misi\u00f3n.<\/li>\n<\/ul>\n<p>[\/et_pb_text][\/et_pb_column][\/et_pb_row][\/et_pb_section]<\/p>\n","protected":false},"excerpt":{"rendered":"<p>\u00abHasta que Cristo sea formado en vosotros\u00bb (Gal 4, 19b) La integraci\u00f3n de nuevos miembros en la Congregaci\u00f3n se realiza mediante un proceso de formaci\u00f3n que es a la vez respuesta personal y libre a llamada del Se\u00f1or, camino de conversi\u00f3n y preparaci\u00f3n para participar en la misi\u00f3n de la Iglesia seg\u00fan el carisma de [&hellip;]<\/p>\n","protected":false},"author":1,"featured_media":0,"parent":0,"menu_order":0,"comment_status":"closed","ping_status":"closed","template":"","meta":{"_et_pb_use_builder":"on","_et_pb_old_content":"","_et_gb_content_width":"","footnotes":""},"class_list":["post-85","page","type-page","status-publish","hentry"],"_links":{"self":[{"href":"https:\/\/ndcompassion.com\/es\/wp-json\/wp\/v2\/pages\/85","targetHints":{"allow":["GET"]}}],"collection":[{"href":"https:\/\/ndcompassion.com\/es\/wp-json\/wp\/v2\/pages"}],"about":[{"href":"https:\/\/ndcompassion.com\/es\/wp-json\/wp\/v2\/types\/page"}],"author":[{"embeddable":true,"href":"https:\/\/ndcompassion.com\/es\/wp-json\/wp\/v2\/users\/1"}],"replies":[{"embeddable":true,"href":"https:\/\/ndcompassion.com\/es\/wp-json\/wp\/v2\/comments?post=85"}],"version-history":[{"count":11,"href":"https:\/\/ndcompassion.com\/es\/wp-json\/wp\/v2\/pages\/85\/revisions"}],"predecessor-version":[{"id":1206,"href":"https:\/\/ndcompassion.com\/es\/wp-json\/wp\/v2\/pages\/85\/revisions\/1206"}],"wp:attachment":[{"href":"https:\/\/ndcompassion.com\/es\/wp-json\/wp\/v2\/media?parent=85"}],"curies":[{"name":"wp","href":"https:\/\/api.w.org\/{rel}","templated":true}]}}