{"id":83,"date":"2016-05-30T12:18:56","date_gmt":"2016-05-30T12:18:56","guid":{"rendered":"http:\/\/ndcompassion.com\/?page_id=83"},"modified":"2016-06-21T22:31:11","modified_gmt":"2016-06-21T22:31:11","slug":"me-siento-llamada","status":"publish","type":"page","link":"https:\/\/ndcompassion.com\/es\/me-siento-llamada\/","title":{"rendered":"\u00bfMe siento llamada?"},"content":{"rendered":"<p>[et_pb_section admin_label=\u00bbsection\u00bb][et_pb_row admin_label=\u00bbFila\u00bb][et_pb_column type=\u00bb4_4&#8243;][et_pb_post_title admin_label=\u00bbT\u00edtulo de publicaci\u00f3n\u00bb title=\u00bbon\u00bb meta=\u00bboff\u00bb author=\u00bbon\u00bb date=\u00bbon\u00bb categories=\u00bbon\u00bb comments=\u00bbon\u00bb featured_image=\u00bboff\u00bb featured_placement=\u00bbbelow\u00bb parallax_effect=\u00bbon\u00bb parallax_method=\u00bbon\u00bb text_orientation=\u00bbleft\u00bb text_color=\u00bbdark\u00bb text_background=\u00bboff\u00bb text_bg_color=\u00bbrgba(255,255,255,0.9)\u00bb module_bg_color=\u00bbrgba(255,255,255,0)\u00bb title_all_caps=\u00bboff\u00bb use_border_color=\u00bboff\u00bb border_color=\u00bb#ffffff\u00bb border_style=\u00bbsolid\u00bb \/][\/et_pb_column][\/et_pb_row][et_pb_row admin_label=\u00bbrow\u00bb][et_pb_column type=\u00bb4_4&#8243;][et_pb_text admin_label=\u00bbTexto me siento llamada\u00bb background_layout=\u00bblight\u00bb text_orientation=\u00bbleft\u00bb use_border_color=\u00bboff\u00bb border_color=\u00bb#ffffff\u00bb border_style=\u00bbsolid\u00bb]<\/p>\n<p style=\"text-align: justify;\">Las Hermanas de la Compasi\u00f3n, somos mujeres de distintos pa\u00edses, edades y culturas, consagradas como mujeres apost\u00f3licas, llamadas a hacer de Jesucristo el centro y sentido de nuestras vidas y a entregarle nuestra existencia para la extensi\u00f3n de su Reino.<\/p>\n<p style=\"text-align: justify;\">Estamos convencidas de que nuestra vocaci\u00f3n es fuente de gozo, disponibilidad y esperanza. Y tambi\u00e9n de que Dios no deja nunca de trabajar los corazones, llamado y enviando testigos de su Compasi\u00f3n en cada momento de la historia.<\/p>\n<p style=\"text-align: justify;\">Quiz\u00e1 tienes inquietudes, preguntas y deseos y quieres conocernos&#8230; Puede que descubras que hoy JES\u00daS llama a tu puerta , y te invita para que te pongas en pie, para que est\u00e9s con \u00c9l; para compartir tu vida con los que m\u00e1s necesiten; para prolongar en el mundo su amor compasivo. \u00bfTe atreves a abrirle? \u00bfA entrar en lo m\u00e1s profundo de ti misma? \u00c9l te invita a entrar con confianza&#8230; Nosotras te decimos \u201cVen y ver\u00e1s&#8230;\u201d<\/p>\n<p>[\/et_pb_text][\/et_pb_column][\/et_pb_row][et_pb_row admin_label=\u00bbFila\u00bb][et_pb_column type=\u00bb1_2&#8243;][et_pb_image admin_label=\u00bbImagen Mirleth y Astrid\u00bb src=\u00bbhttp:\/\/ndcompassion.com\/wp-content\/uploads\/2016\/05\/Mirleth-y-Astrid.jpg\u00bb show_in_lightbox=\u00bboff\u00bb url_new_window=\u00bboff\u00bb use_overlay=\u00bboff\u00bb animation=\u00bbleft\u00bb sticky=\u00bboff\u00bb align=\u00bbleft\u00bb force_fullwidth=\u00bboff\u00bb always_center_on_mobile=\u00bbon\u00bb use_border_color=\u00bboff\u00bb border_color=\u00bb#ffffff\u00bb border_style=\u00bbsolid\u00bb alt=\u00bbMirleth y Astrid\u00bb] [\/et_pb_image][\/et_pb_column][et_pb_column type=\u00bb1_2&#8243;][et_pb_image admin_label=\u00bbImagen Mujeres de diferentes procedencias\u00bb src=\u00bbhttp:\/\/ndcompassion.com\/wp-content\/uploads\/2016\/05\/Mujeres-de-diferentes-procedencias.jpg\u00bb show_in_lightbox=\u00bboff\u00bb url_new_window=\u00bboff\u00bb use_overlay=\u00bboff\u00bb animation=\u00bbleft\u00bb sticky=\u00bboff\u00bb align=\u00bbleft\u00bb force_fullwidth=\u00bboff\u00bb always_center_on_mobile=\u00bbon\u00bb use_border_color=\u00bboff\u00bb border_color=\u00bb#ffffff\u00bb border_style=\u00bbsolid\u00bb alt=\u00bbMujeres de diferentes procedencias\u00bb] [\/et_pb_image][\/et_pb_column][\/et_pb_row][\/et_pb_section]<\/p>\n","protected":false},"excerpt":{"rendered":"<p>Las Hermanas de la Compasi\u00f3n, somos mujeres de distintos pa\u00edses, edades y culturas, consagradas como mujeres apost\u00f3licas, llamadas a hacer de Jesucristo el centro y sentido de nuestras vidas y a entregarle nuestra existencia para la extensi\u00f3n de su Reino. Estamos convencidas de que nuestra vocaci\u00f3n es fuente de gozo, disponibilidad y esperanza. Y tambi\u00e9n [&hellip;]<\/p>\n","protected":false},"author":1,"featured_media":0,"parent":0,"menu_order":0,"comment_status":"closed","ping_status":"closed","template":"","meta":{"_et_pb_use_builder":"on","_et_pb_old_content":"","_et_gb_content_width":"","footnotes":""},"class_list":["post-83","page","type-page","status-publish","hentry"],"_links":{"self":[{"href":"https:\/\/ndcompassion.com\/es\/wp-json\/wp\/v2\/pages\/83","targetHints":{"allow":["GET"]}}],"collection":[{"href":"https:\/\/ndcompassion.com\/es\/wp-json\/wp\/v2\/pages"}],"about":[{"href":"https:\/\/ndcompassion.com\/es\/wp-json\/wp\/v2\/types\/page"}],"author":[{"embeddable":true,"href":"https:\/\/ndcompassion.com\/es\/wp-json\/wp\/v2\/users\/1"}],"replies":[{"embeddable":true,"href":"https:\/\/ndcompassion.com\/es\/wp-json\/wp\/v2\/comments?post=83"}],"version-history":[{"count":8,"href":"https:\/\/ndcompassion.com\/es\/wp-json\/wp\/v2\/pages\/83\/revisions"}],"predecessor-version":[{"id":234,"href":"https:\/\/ndcompassion.com\/es\/wp-json\/wp\/v2\/pages\/83\/revisions\/234"}],"wp:attachment":[{"href":"https:\/\/ndcompassion.com\/es\/wp-json\/wp\/v2\/media?parent=83"}],"curies":[{"name":"wp","href":"https:\/\/api.w.org\/{rel}","templated":true}]}}