{"id":75,"date":"2016-05-30T12:05:14","date_gmt":"2016-05-30T12:05:14","guid":{"rendered":"http:\/\/ndcompassion.com\/?page_id=75"},"modified":"2016-11-18T13:09:32","modified_gmt":"2016-11-18T13:09:32","slug":"ambito-socio-sanitario","status":"publish","type":"page","link":"https:\/\/ndcompassion.com\/es\/ambito-socio-sanitario\/","title":{"rendered":"\u00c1mbito socio-sanitario"},"content":{"rendered":"<p>[et_pb_section admin_label=\u00bbsection\u00bb][et_pb_row admin_label=\u00bbFila\u00bb][et_pb_column type=\u00bb4_4&#8243;][et_pb_post_title admin_label=\u00bbT\u00edtulo de publicaci\u00f3n\u00bb title=\u00bbon\u00bb meta=\u00bboff\u00bb author=\u00bbon\u00bb date=\u00bbon\u00bb categories=\u00bbon\u00bb comments=\u00bbon\u00bb featured_image=\u00bboff\u00bb featured_placement=\u00bbbelow\u00bb parallax_effect=\u00bbon\u00bb parallax_method=\u00bbon\u00bb text_orientation=\u00bbleft\u00bb text_color=\u00bbdark\u00bb text_background=\u00bboff\u00bb text_bg_color=\u00bbrgba(255,255,255,0.9)\u00bb module_bg_color=\u00bbrgba(255,255,255,0)\u00bb title_all_caps=\u00bbon\u00bb use_border_color=\u00bboff\u00bb border_color=\u00bb#ffffff\u00bb border_style=\u00bbsolid\u00bb] [\/et_pb_post_title][et_pb_text admin_label=\u00bbTexto Residencias de Ancianos\u00bb background_layout=\u00bblight\u00bb text_orientation=\u00bbleft\u00bb use_border_color=\u00bboff\u00bb border_color=\u00bb#ffffff\u00bb border_style=\u00bbsolid\u00bb]<\/p>\n<h2>Residencias de mayores<\/h2>\n<p>[\/et_pb_text][\/et_pb_column][\/et_pb_row][et_pb_row admin_label=\u00bbrow\u00bb][et_pb_column type=\u00bb1_3&#8243;][et_pb_image admin_label=\u00bbImagen residencia Asociaci\u00f3n\u00bb src=\u00bbhttp:\/\/ndcompassion.com\/wp-content\/uploads\/2016\/05\/Casas-de-retiro-de-la-Asociaci\u00f3n-Compasion.jpg\u00bb show_in_lightbox=\u00bboff\u00bb url_new_window=\u00bboff\u00bb use_overlay=\u00bboff\u00bb animation=\u00bbleft\u00bb sticky=\u00bboff\u00bb align=\u00bbleft\u00bb force_fullwidth=\u00bboff\u00bb always_center_on_mobile=\u00bbon\u00bb use_border_color=\u00bboff\u00bb border_color=\u00bb#ffffff\u00bb border_style=\u00bbsolid\u00bb] [\/et_pb_image][\/et_pb_column][et_pb_column type=\u00bb2_3&#8243;][et_pb_text admin_label=\u00bbTexto residencia ancianos Asociaci\u00f3n Retiro\u00bb background_layout=\u00bblight\u00bb text_orientation=\u00bbleft\u00bb use_border_color=\u00bboff\u00bb border_color=\u00bb#ffffff\u00bb border_style=\u00bbsolid\u00bb]<\/p>\n<h2>Maisons de Retraite de l\u00b4Association \u00abLa Compassion\u00bb (Oise, FRANCIA)<\/h2>\n<p>La Asociaci\u00f3n \u00abLa Compassion\u00bb fue creada en junio de 1990 para proseguir la obra de la Congregaci\u00f3n de Hermanas de Ntra. Sra. de la Compasi\u00f3n, concretamente en el departamento de L\u2019Oise.<\/p>\n<p>Tiene su sede en la ciudad de Beauvais y es una asociaci\u00f3n de gesti\u00f3n de establecimientos de acci\u00f3n sociosanitaria y social. Actualmente gestiona, entre otras, las grandes residencias de personas mayores que hist\u00f3ricamente llevaban las hermanas en esta zona de Francia: Beauvais, Chaumont-en-Vexin y Domfront.<\/p>\n<p>&nbsp;<\/p>\n<a href='http:\/\/www.lacompassion.fr\/' class='small-button smallsilver' target=\"_blank\">Visita la web<\/a>\n<p>[\/et_pb_text][\/et_pb_column][\/et_pb_row][et_pb_row admin_label=\u00bbrow\u00bb][et_pb_column type=\u00bb1_3&#8243;][et_pb_image admin_label=\u00bbImagen EHPAD\u00bb src=\u00bbhttp:\/\/ndcompassion.com\/wp-content\/uploads\/2016\/05\/EHPAD.jpg\u00bb show_in_lightbox=\u00bboff\u00bb url_new_window=\u00bboff\u00bb use_overlay=\u00bboff\u00bb animation=\u00bbleft\u00bb sticky=\u00bboff\u00bb align=\u00bbleft\u00bb force_fullwidth=\u00bboff\u00bb always_center_on_mobile=\u00bbon\u00bb use_border_color=\u00bboff\u00bb border_color=\u00bb#ffffff\u00bb border_style=\u00bbsolid\u00bb alt=\u00bbImagen EHPAD\u00bb] [\/et_pb_image][\/et_pb_column][et_pb_column type=\u00bb2_3&#8243;][et_pb_text admin_label=\u00bbTexto residencia ancianos EPHAD Maurice Garrigou\u00bb background_layout=\u00bblight\u00bb text_orientation=\u00bbleft\u00bb use_border_color=\u00bboff\u00bb border_color=\u00bb#ffffff\u00bb border_style=\u00bbsolid\u00bb]<\/p>\n<h2>EPHAD \u00abMaurice Garrigou\u201d (Toulouse, FRANCIA)<\/h2>\n<p style=\"text-align: justify;\">En Francia se denomina EPHAD a un establecimiento (residencia) que alberga a personas mayores dependientes.<\/p>\n<p style=\"text-align: justify;\">En 2007, despu\u00e9s de una important\u00edsima reforma y remodelaci\u00f3n, una gran parte del edificio de la Casa Madre de la Congregaci\u00f3n se convirti\u00f3 en la sede del EPHAD \u201cMaurice Garrigou\u201d, gestionado por la Asociaci\u00f3n del mismo nombre.<\/p>\n<p style=\"text-align: justify;\">Situado en pleno centro de la ciudad como un peque\u00f1o oasis de verdor y tranquilidad, sus 31 habitaciones actualmente est\u00e1n ocupadas, en gran parte, por hermanas de la congregaci\u00f3n que conviven con varias personas residentes compartiendo con ellas los numerosos servicios y cuidados del establecimiento.<\/p>\n<p>&nbsp;<\/p>\n<p><a href='http:\/\/maison-retraite.ehpadhospiconseil.fr\/ehpad\/310016738\/ehpad-maurice-garrigou-toulouse' class='small-button smallsilver' target=\"_blank\">Visita la web<\/a> [\/et_pb_text][\/et_pb_column][\/et_pb_row][et_pb_row admin_label=\u00bbFila\u00bb][et_pb_column type=\u00bb4_4&#8243;][et_pb_text admin_label=\u00bbTexto Centros de Salud\u00bb background_layout=\u00bblight\u00bb text_orientation=\u00bbleft\u00bb use_border_color=\u00bboff\u00bb border_color=\u00bb#ffffff\u00bb border_style=\u00bbsolid\u00bb]<\/p>\n<h2>Centro de salud<\/h2>\n<p>[\/et_pb_text][\/et_pb_column][\/et_pb_row][et_pb_row admin_label=\u00bbrow\u00bb][et_pb_column type=\u00bb1_3&#8243;][et_pb_image admin_label=\u00bbImagen Maternidad en Cameroun\u00bb src=\u00bbhttp:\/\/ndcompassion.com\/wp-content\/uploads\/2016\/05\/Dispensario.jpg\u00bb show_in_lightbox=\u00bboff\u00bb url_new_window=\u00bboff\u00bb use_overlay=\u00bboff\u00bb animation=\u00bbleft\u00bb sticky=\u00bboff\u00bb align=\u00bbcenter\u00bb force_fullwidth=\u00bboff\u00bb always_center_on_mobile=\u00bbon\u00bb use_border_color=\u00bboff\u00bb border_color=\u00bb#ffffff\u00bb border_style=\u00bbsolid\u00bb alt=\u00bbMaternidad en Cameroun\u00bb] [\/et_pb_image][\/et_pb_column][et_pb_column type=\u00bb2_3&#8243;][et_pb_text admin_label=\u00bbTexto Centro de Salud en Camer\u00fan\u00bb background_layout=\u00bblight\u00bb text_orientation=\u00bbleft\u00bb use_border_color=\u00bboff\u00bb border_color=\u00bb#ffffff\u00bb border_style=\u00bbsolid\u00bb]<\/p>\n<h2>Centre de Sant\u00e9 \u00a0Notre Damme de la Compassion (Mimboman\/Yaund\u00e9, CAMER\u00daN)<\/h2>\n<p style=\"text-align: justify;\">Este centro de cuidados primarios est\u00e1 situado en el barrio de Mimboman de la ciudad de Yaund\u00e9, la capital de Camer\u00fan, y comenz\u00f3 su funcionamiento en el a\u00f1o 1987, ampliando la labor de prevenci\u00f3n y cuidado de la salud iniciada por las hermanas desde su llegada al pa\u00eds en 1965.<\/p>\n<p style=\"text-align: justify;\">En \u00e9l se ofrecen servicios variados de salud b\u00e1sica a trav\u00e9s de consultas externas de medicina general, oftalmolog\u00eda, enfermer\u00eda, salud dental y un \u00e1rea especializada de protecci\u00f3n materno-infantil con servicio de ecograf\u00eda prenatal.<\/p>\n<p style=\"text-align: justify;\">Adem\u00e1s, el centro cuenta con farmacia, un buen laboratorio de an\u00e1lisis cl\u00ednicos y tiene en marcha un proyecto de ampliaci\u00f3n de servicios para poder atender de manera completa el \u00e1rea materno-infantil con un centro hospitalario espec\u00edfico. En este momento se busca financiaci\u00f3n para poder construir el edificio que albergue esta maternidad.<\/p>\n<p>[\/et_pb_text][\/et_pb_column][\/et_pb_row][\/et_pb_section]<\/p>\n","protected":false},"excerpt":{"rendered":"<p>Residencias de mayores Maisons de Retraite de l\u00b4Association \u00abLa Compassion\u00bb (Oise, FRANCIA) La Asociaci\u00f3n \u00abLa Compassion\u00bb fue creada en junio de 1990 para proseguir la obra de la Congregaci\u00f3n de Hermanas de Ntra. Sra. de la Compasi\u00f3n, concretamente en el departamento de L\u2019Oise. Tiene su sede en la ciudad de Beauvais y es una asociaci\u00f3n [&hellip;]<\/p>\n","protected":false},"author":1,"featured_media":0,"parent":0,"menu_order":0,"comment_status":"closed","ping_status":"closed","template":"","meta":{"_et_pb_use_builder":"on","_et_pb_old_content":"","_et_gb_content_width":"","footnotes":""},"class_list":["post-75","page","type-page","status-publish","hentry"],"_links":{"self":[{"href":"https:\/\/ndcompassion.com\/es\/wp-json\/wp\/v2\/pages\/75","targetHints":{"allow":["GET"]}}],"collection":[{"href":"https:\/\/ndcompassion.com\/es\/wp-json\/wp\/v2\/pages"}],"about":[{"href":"https:\/\/ndcompassion.com\/es\/wp-json\/wp\/v2\/types\/page"}],"author":[{"embeddable":true,"href":"https:\/\/ndcompassion.com\/es\/wp-json\/wp\/v2\/users\/1"}],"replies":[{"embeddable":true,"href":"https:\/\/ndcompassion.com\/es\/wp-json\/wp\/v2\/comments?post=75"}],"version-history":[{"count":24,"href":"https:\/\/ndcompassion.com\/es\/wp-json\/wp\/v2\/pages\/75\/revisions"}],"predecessor-version":[{"id":1180,"href":"https:\/\/ndcompassion.com\/es\/wp-json\/wp\/v2\/pages\/75\/revisions\/1180"}],"wp:attachment":[{"href":"https:\/\/ndcompassion.com\/es\/wp-json\/wp\/v2\/media?parent=75"}],"curies":[{"name":"wp","href":"https:\/\/api.w.org\/{rel}","templated":true}]}}