{"id":71,"date":"2016-05-30T12:03:14","date_gmt":"2016-05-30T12:03:14","guid":{"rendered":"http:\/\/ndcompassion.com\/?page_id=71"},"modified":"2017-01-04T15:17:15","modified_gmt":"2017-01-04T15:17:15","slug":"otras-presencias","status":"publish","type":"page","link":"https:\/\/ndcompassion.com\/es\/otras-presencias\/","title":{"rendered":"Otras presencias"},"content":{"rendered":"<p>[et_pb_section admin_label=\u00bbsection\u00bb transparent_background=\u00bboff\u00bb allow_player_pause=\u00bboff\u00bb inner_shadow=\u00bboff\u00bb parallax=\u00bboff\u00bb parallax_method=\u00bbon\u00bb padding_mobile=\u00bboff\u00bb make_fullwidth=\u00bboff\u00bb use_custom_width=\u00bboff\u00bb width_unit=\u00bboff\u00bb custom_width_px=\u00bb1080px\u00bb custom_width_percent=\u00bb80%\u00bb make_equal=\u00bboff\u00bb use_custom_gutter=\u00bboff\u00bb fullwidth=\u00bboff\u00bb specialty=\u00bboff\u00bb disabled=\u00bboff\u00bb][et_pb_row admin_label=\u00bbFila\u00bb][et_pb_column type=\u00bb4_4&#8243;][et_pb_post_title admin_label=\u00bbTitulo de la publicaci\u00f3n\u00bb title=\u00bbon\u00bb meta=\u00bboff\u00bb author=\u00bbon\u00bb date=\u00bbon\u00bb date_format=\u00bbM j, Y\u00bb categories=\u00bbon\u00bb comments=\u00bbon\u00bb featured_image=\u00bboff\u00bb featured_placement=\u00bbbelow\u00bb parallax_effect=\u00bbon\u00bb parallax_method=\u00bbon\u00bb text_orientation=\u00bbleft\u00bb text_color=\u00bbdark\u00bb text_background=\u00bboff\u00bb text_bg_color=\u00bbrgba(255,255,255,0.9)\u00bb title_all_caps=\u00bboff\u00bb use_border_color=\u00bboff\u00bb border_color=\u00bb#ffffff\u00bb border_width=\u00bb1px\u00bb border_style=\u00bbsolid\u00bb disabled=\u00bboff\u00bb] [\/et_pb_post_title][\/et_pb_column][\/et_pb_row][et_pb_row admin_label=\u00bbrow\u00bb make_fullwidth=\u00bboff\u00bb use_custom_width=\u00bboff\u00bb width_unit=\u00bboff\u00bb custom_width_px=\u00bb1080px\u00bb custom_width_percent=\u00bb80%\u00bb use_custom_gutter=\u00bboff\u00bb gutter_width=\u00bb3&#8243; padding_mobile=\u00bboff\u00bb allow_player_pause=\u00bboff\u00bb parallax=\u00bboff\u00bb parallax_method=\u00bbon\u00bb make_equal=\u00bboff\u00bb column_padding_mobile=\u00bbon\u00bb parallax_1=\u00bboff\u00bb parallax_method_1=\u00bbon\u00bb parallax_2=\u00bboff\u00bb parallax_method_2=\u00bbon\u00bb parallax_3=\u00bboff\u00bb parallax_method_3=\u00bbon\u00bb parallax_4=\u00bboff\u00bb parallax_method_4=\u00bbon\u00bb disabled=\u00bboff\u00bb][et_pb_column type=\u00bb1_4&#8243;][et_pb_image admin_label=\u00bbImagen\u00bb src=\u00bbhttp:\/\/ndcompassion.com\/wp-content\/uploads\/2016\/05\/Otras-presencias-Pastoral-original.jpg\u00bb alt=\u00bbpastoral\u00bb title_text=\u00bbpastoral &#8211; otras presencias\u00bb show_in_lightbox=\u00bboff\u00bb url_new_window=\u00bboff\u00bb use_overlay=\u00bboff\u00bb animation=\u00bbleft\u00bb sticky=\u00bboff\u00bb align=\u00bbleft\u00bb force_fullwidth=\u00bboff\u00bb always_center_on_mobile=\u00bbon\u00bb use_border_color=\u00bboff\u00bb border_color=\u00bb#ffffff\u00bb border_style=\u00bbsolid\u00bb \/][\/et_pb_column][et_pb_column type=\u00bb3_4&#8243;][et_pb_text admin_label=\u00bbTexto\u00bb background_layout=\u00bblight\u00bb text_orientation=\u00bbleft\u00bb use_border_color=\u00bboff\u00bb border_style=\u00bbsolid\u00bb disabled=\u00bboff\u00bb]<\/p>\n<p style=\"text-align: justify;\">El anuncio expl\u00edcito es tambi\u00e9n inherente a nuestro ser testigos del Dios Compasivo y Misericordioso y nos impulsa a estar presentes en el acompa\u00f1amiento pastoral para el crecimiento en la fe, una fe que se compromete en el servicio a los hermanos.<\/p>\n<p style=\"text-align: justify;\">Este anuncio y testimonio es un eje trasversal de nuestra misi\u00f3n pero se explicita de manera m\u00e1s particular en algunas presencias y servicios:<\/p>\n<ul>\n<li style=\"text-align: justify;\">En zonas rurales y en parroquias a trav\u00e9s del acompa\u00f1amiento en la enfermedad y el duelo, el acompa\u00f1amiento y formaci\u00f3n de adultos, j\u00f3venes, ni\u00f1os&#8230;, la animaci\u00f3n lit\u00fargica, la pastoral de los sacramentos\u2026<\/li>\n<li style=\"text-align: justify;\">En la formaci\u00f3n espec\u00edfica y acompa\u00f1amiento de laicos desde el Carisma y misi\u00f3n de Compasi\u00f3n; fundamentalmente en las CCCs (Comunidades Cristianas Compasionistas) que existen en algunos pa\u00edses y en un nuevo proyecto de Voluntariado Internacional.<\/li>\n<\/ul>\n<p>[\/et_pb_text][\/et_pb_column][\/et_pb_row][\/et_pb_section]<\/p>\n","protected":false},"excerpt":{"rendered":"<p>El anuncio expl\u00edcito es tambi\u00e9n inherente a nuestro ser testigos del Dios Compasivo y Misericordioso y nos impulsa a estar presentes en el acompa\u00f1amiento pastoral para el crecimiento en la fe, una fe que se compromete en el servicio a los hermanos. Este anuncio y testimonio es un eje trasversal de nuestra misi\u00f3n pero se [&hellip;]<\/p>\n","protected":false},"author":1,"featured_media":0,"parent":0,"menu_order":0,"comment_status":"closed","ping_status":"closed","template":"","meta":{"_et_pb_use_builder":"on","_et_pb_old_content":"","_et_gb_content_width":"","footnotes":""},"class_list":["post-71","page","type-page","status-publish","hentry"],"_links":{"self":[{"href":"https:\/\/ndcompassion.com\/es\/wp-json\/wp\/v2\/pages\/71","targetHints":{"allow":["GET"]}}],"collection":[{"href":"https:\/\/ndcompassion.com\/es\/wp-json\/wp\/v2\/pages"}],"about":[{"href":"https:\/\/ndcompassion.com\/es\/wp-json\/wp\/v2\/types\/page"}],"author":[{"embeddable":true,"href":"https:\/\/ndcompassion.com\/es\/wp-json\/wp\/v2\/users\/1"}],"replies":[{"embeddable":true,"href":"https:\/\/ndcompassion.com\/es\/wp-json\/wp\/v2\/comments?post=71"}],"version-history":[{"count":13,"href":"https:\/\/ndcompassion.com\/es\/wp-json\/wp\/v2\/pages\/71\/revisions"}],"predecessor-version":[{"id":1292,"href":"https:\/\/ndcompassion.com\/es\/wp-json\/wp\/v2\/pages\/71\/revisions\/1292"}],"wp:attachment":[{"href":"https:\/\/ndcompassion.com\/es\/wp-json\/wp\/v2\/media?parent=71"}],"curies":[{"name":"wp","href":"https:\/\/api.w.org\/{rel}","templated":true}]}}