{"id":68,"date":"2016-05-30T12:01:59","date_gmt":"2016-05-30T12:01:59","guid":{"rendered":"http:\/\/ndcompassion.com\/?page_id=68"},"modified":"2017-01-03T20:06:12","modified_gmt":"2017-01-03T20:06:12","slug":"ambito-de-inclusion-social","status":"publish","type":"page","link":"https:\/\/ndcompassion.com\/es\/ambito-de-inclusion-social\/","title":{"rendered":"\u00c1mbito de inclusi\u00f3n social"},"content":{"rendered":"<p>[et_pb_section admin_label=\u00bbsection\u00bb][et_pb_row admin_label=\u00bbrow\u00bb][et_pb_column type=\u00bb4_4&#8243;][et_pb_post_title admin_label=\u00bbT\u00edtulo de publicaci\u00f3n\u00bb title=\u00bbon\u00bb meta=\u00bboff\u00bb author=\u00bbon\u00bb date=\u00bbon\u00bb categories=\u00bbon\u00bb comments=\u00bbon\u00bb featured_image=\u00bboff\u00bb featured_placement=\u00bbbelow\u00bb parallax_effect=\u00bbon\u00bb parallax_method=\u00bbon\u00bb text_orientation=\u00bbleft\u00bb text_color=\u00bbdark\u00bb text_background=\u00bboff\u00bb text_bg_color=\u00bbrgba(255,255,255,0.9)\u00bb module_bg_color=\u00bbrgba(255,255,255,0)\u00bb title_all_caps=\u00bboff\u00bb use_border_color=\u00bboff\u00bb border_color=\u00bb#ffffff\u00bb border_style=\u00bbsolid\u00bb] [\/et_pb_post_title][\/et_pb_column][\/et_pb_row][et_pb_row admin_label=\u00bbFila\u00bb][et_pb_column type=\u00bb4_4&#8243;][et_pb_image admin_label=\u00bbImagen de Cerros (Caracas)\u00bb src=\u00bbhttp:\/\/ndcompassion.com\/wp-content\/uploads\/2016\/05\/caracas-cerros.jpg\u00bb alt=\u00bbCerros (Caracas)\u00bb title_text=\u00bbCerros (Caracas)\u00bb show_in_lightbox=\u00bboff\u00bb url_new_window=\u00bboff\u00bb use_overlay=\u00bboff\u00bb animation=\u00bbtop\u00bb sticky=\u00bboff\u00bb align=\u00bbcenter\u00bb force_fullwidth=\u00bboff\u00bb always_center_on_mobile=\u00bbon\u00bb use_border_color=\u00bboff\u00bb border_color=\u00bb#ffffff\u00bb border_style=\u00bbsolid\u00bb] [\/et_pb_image][\/et_pb_column][\/et_pb_row][et_pb_row admin_label=\u00bbFila\u00bb][et_pb_column type=\u00bb1_4&#8243;][et_pb_image admin_label=\u00bbIsabel en inclusi\u00f3n social\u00bb src=\u00bbhttp:\/\/ndcompassion.com\/wp-content\/uploads\/2016\/05\/Isabel.jpg\u00bb alt=\u00bbIsabel\u00bb title_text=\u00bbInclusi\u00f3n social\u00bb show_in_lightbox=\u00bboff\u00bb url_new_window=\u00bboff\u00bb use_overlay=\u00bboff\u00bb animation=\u00bbleft\u00bb sticky=\u00bboff\u00bb align=\u00bbleft\u00bb force_fullwidth=\u00bboff\u00bb always_center_on_mobile=\u00bbon\u00bb use_border_color=\u00bboff\u00bb border_color=\u00bb#ffffff\u00bb border_style=\u00bbsolid\u00bb] [\/et_pb_image][\/et_pb_column][et_pb_column type=\u00bb3_4&#8243;][et_pb_text admin_label=\u00bbTexto\u00bb background_layout=\u00bblight\u00bb text_orientation=\u00bbleft\u00bb use_border_color=\u00bboff\u00bb border_color=\u00bb#ffffff\u00bb border_style=\u00bbsolid\u00bb]<\/p>\n<p style=\"text-align: justify;\">El amor de COMPASION, amor samaritano, est\u00e1 atento a las cunetas de los caminos donde hoy y siempre se encuentran v\u00edctimas de la injusticia, de la violencia, la indiferencia y el olvido.<\/p>\n<p style=\"text-align: justify;\">Por eso en cada momento de la historia las Hermanas de la Compasi\u00f3n nos sentimos llamadas a reconocer los distintos rostros de la exclusi\u00f3n, la vulnerabilidad, la fragilidad para hacernos presentes en esas realidades y aliviar sus sufrimientos en todas las formas posibles: la acogida,\u00a0la cercan\u00eda, la promoci\u00f3n, sanaci\u00f3n o perd\u00f3n, la lucha organizada con otros, el acompa\u00f1amiento o la denuncia\u2026<\/p>\n<p style=\"text-align: justify;\">Hoy muchas hermanas buscan ser testigos de este amor compasivo en diversas presencias y servicios:<\/p>\n<ul>\n<li style=\"text-align: justify;\">Como voluntarias en asociaciones, servicios o proyectos diocesanos, ONGs:\n<ul>\n<ul>\n<li style=\"text-align: justify;\">Con emigrantes, personas sin hogar, \u201csin papeles\u201d, presos y presas, drogodependientes, enfermos de VIH.<\/li>\n<li style=\"text-align: justify;\">Con familias en situaci\u00f3n de pobreza y en procesos de reinserci\u00f3n social.<\/li>\n<li style=\"text-align: justify;\">Con ni\u00f1os de la calle, abandonados y ni\u00f1os trabajadores; con j\u00f3venes estudiantes sin recursos, o menores encarcelados.<\/li>\n<li style=\"text-align: justify;\">Con ancianos y personas discapacitadas o con enfermedades mentales en residencias o centros espec\u00edficos.<\/li>\n<\/ul>\n<\/ul>\n<\/li>\n<li style=\"text-align: justify;\">A trav\u00e9s del desarrollo de proyectos propios de promoci\u00f3n e inclusi\u00f3n a trav\u00e9s de apoyo escolar para ni\u00f1os y j\u00f3venes, comedores, bibliotecas y botiquines populares, campa\u00f1as de salud en zonas rurales, etc\u2026<\/li>\n<li style=\"text-align: justify;\">Participando en plataformas cr\u00edticas y movimientos ciudadanos de lucha social, inicativas populares de formaci\u00f3n y compromiso, campa\u00f1as o programas contra la trata de personas, en favor de los derechos humanos, de la soberan\u00eda alimentaria y el consumo responsable y otras iniciativas diversas.<\/li>\n<li>Viviendo insertas:\n<ul>\n<ul>\n<li style=\"text-align: justify;\">En barrios pobres o marginalizados, asentamientos, cerros, en distintos pa\u00edses y realidades.<\/li>\n<li style=\"text-align: justify;\">Como usuarias en residencias de personas mayores cuando la edad y la salud nos hacen m\u00e1s dependientes y necesitadas.<\/li>\n<\/ul>\n<\/ul>\n<\/li>\n<\/ul>\n<p>[\/et_pb_text][\/et_pb_column][\/et_pb_row][\/et_pb_section]<\/p>\n","protected":false},"excerpt":{"rendered":"<p>El amor de COMPASION, amor samaritano, est\u00e1 atento a las cunetas de los caminos donde hoy y siempre se encuentran v\u00edctimas de la injusticia, de la violencia, la indiferencia y el olvido. Por eso en cada momento de la historia las Hermanas de la Compasi\u00f3n nos sentimos llamadas a reconocer los distintos rostros de la [&hellip;]<\/p>\n","protected":false},"author":1,"featured_media":0,"parent":0,"menu_order":0,"comment_status":"closed","ping_status":"closed","template":"","meta":{"_et_pb_use_builder":"on","_et_pb_old_content":"","_et_gb_content_width":"","footnotes":""},"class_list":["post-68","page","type-page","status-publish","hentry"],"_links":{"self":[{"href":"https:\/\/ndcompassion.com\/es\/wp-json\/wp\/v2\/pages\/68","targetHints":{"allow":["GET"]}}],"collection":[{"href":"https:\/\/ndcompassion.com\/es\/wp-json\/wp\/v2\/pages"}],"about":[{"href":"https:\/\/ndcompassion.com\/es\/wp-json\/wp\/v2\/types\/page"}],"author":[{"embeddable":true,"href":"https:\/\/ndcompassion.com\/es\/wp-json\/wp\/v2\/users\/1"}],"replies":[{"embeddable":true,"href":"https:\/\/ndcompassion.com\/es\/wp-json\/wp\/v2\/comments?post=68"}],"version-history":[{"count":19,"href":"https:\/\/ndcompassion.com\/es\/wp-json\/wp\/v2\/pages\/68\/revisions"}],"predecessor-version":[{"id":1444,"href":"https:\/\/ndcompassion.com\/es\/wp-json\/wp\/v2\/pages\/68\/revisions\/1444"}],"wp:attachment":[{"href":"https:\/\/ndcompassion.com\/es\/wp-json\/wp\/v2\/media?parent=68"}],"curies":[{"name":"wp","href":"https:\/\/api.w.org\/{rel}","templated":true}]}}