{"id":370,"date":"2016-06-09T23:17:46","date_gmt":"2016-06-09T23:17:46","guid":{"rendered":"http:\/\/ndcompassion.com\/es\/?page_id=370"},"modified":"2016-12-28T22:59:12","modified_gmt":"2016-12-28T22:59:12","slug":"biblioteca-del-padre-fundador","status":"publish","type":"page","link":"https:\/\/ndcompassion.com\/es\/biblioteca-del-padre-fundador\/","title":{"rendered":"Biblioteca del Padre fundador"},"content":{"rendered":"<p>[et_pb_section admin_label=\u00bbsection\u00bb][et_pb_row admin_label=\u00bbrow\u00bb][et_pb_column type=\u00bb4_4&#8243;][et_pb_post_title admin_label=\u00bbT\u00edtulo de publicaci\u00f3n\u00bb title=\u00bbon\u00bb meta=\u00bboff\u00bb author=\u00bbon\u00bb date=\u00bbon\u00bb categories=\u00bbon\u00bb comments=\u00bbon\u00bb featured_image=\u00bboff\u00bb featured_placement=\u00bbbelow\u00bb parallax_effect=\u00bbon\u00bb parallax_method=\u00bbon\u00bb text_orientation=\u00bbleft\u00bb text_color=\u00bbdark\u00bb text_background=\u00bboff\u00bb text_bg_color=\u00bbrgba(255,255,255,0.9)\u00bb module_bg_color=\u00bbrgba(255,255,255,0)\u00bb title_all_caps=\u00bboff\u00bb use_border_color=\u00bboff\u00bb border_color=\u00bb#ffffff\u00bb border_style=\u00bbsolid\u00bb]<br \/>\n[\/et_pb_post_title][et_pb_text admin_label=\u00bbTexto biblioteca 1\u00aa parte\u00bb background_layout=\u00bblight\u00bb text_orientation=\u00bbleft\u00bb use_border_color=\u00bboff\u00bb border_color=\u00bb#ffffff\u00bb border_style=\u00bbsolid\u00bb]<\/p>\n<p style=\"text-align: justify;\">La biblioteca que las Hermanas de Ntra. Sra. de la Compasi\u00f3n conservan desde la fundaci\u00f3n de la Congregaci\u00f3n en 1817, se compone de obras datadas desde mediados del siglo XVII hasta el siglo XX; y se trata tanto de textos tanto religiosos como seculares.<\/p>\n<p style=\"text-align: justify;\">La historia de la Congregaci\u00f3n, que estuvo dedicada en gran parte a la ense\u00f1anza escolar desde el siglo XIX, ayuda a explicar esta diversidad y riqueza. Podemos encontrar en ella tanto sermones, meditaciones, catecismos, libros sobre la vida religiosa y mon\u00e1stica, espiritualidad, derecho can\u00f3nico, como partituras musicales de operetas, cantos lit\u00fargicos, as\u00ed como m\u00e9todos de piano y \u00f3rgano, atlas, herbarios, obras hist\u00f3ricas, obras literarias y otros \u2026 Y entre estas obras variadas, destacan algunas aut\u00e9nticas perlas: ex-libris notables, manuscritos caligr\u00e1ficos, encuadernaciones blasonadas, grabados elegantes y refinados, obras marcadas por el tiempo y la historia\u2026<\/p>\n<div class=\"page\" style=\"text-align: justify;\" title=\"Page 1\">\n<div class=\"layoutArea\">\n<div class=\"column\">\n<p>Las colecciones se guardan en dos lugares diferentes: dentro del Museo y en la Sala E. C. (Colegio de Foix). El Museo contiene libros religiosos (de derecho can\u00f3nico, meditaci\u00f3n, sobre sacramentos religiosos, historia religiosa, etc.) y la biblioteca del Padre fundador. La Sala E. C. contiene los libros profanos utilizados en la educaci\u00f3n de las ni\u00f1as en el siglo XIX y los libros lit\u00fargicos (breviarios, misales, etc.) as\u00ed como revistas antiguas.<\/p>\n<p>A la fecha actual, todos los fondos patrimoniales de la biblioteca de la Congregaci\u00f3n de Nuestra Se\u00f1ora de la Compasi\u00f3n ha sido inventariados y catalogados.<\/p>\n<div class=\"page\" title=\"Page 1\">\n<div class=\"layoutArea\">\n<div class=\"column\">\n<p>No est\u00e1 previsto incrementar el fondo bibliotecario de las Hermanas de Nuestra Se\u00f1ora de la Compasi\u00f3n. Sin embargo, el fondo puede ser enriquecido por donaciones puntuales y extraordinarias.<\/p>\n<\/div>\n<\/div>\n<\/div>\n<\/div>\n<\/div>\n<\/div>\n<p style=\"text-align: justify;\">Para obtener m\u00e1s informaci\u00f3n sobre la biblioteca, env\u00ede un mensaje al responsable del archivo, completando el formulario de <a href=\"https:\/\/ndcompassion.com\/es\/donde-estamos\/\">contacto<\/a> o a trav\u00e9s del email archives@ndcompassion.com<\/p>\n<p style=\"text-align: justify;\">Adem\u00e1s, como medida de seguridad, el acceso a los libros de museo y biblioteca es limitado. Los libros, en general, est\u00e1n buenas condiciones, pero la mayor\u00eda son antiguos y, por tanto, fr\u00e1giles.<\/p>\n<p style=\"text-align: justify;\">Consultar \u201clibro en mano\u201d la obra puede ser peligroso, por lo que se requiere un procedimiento para hacerlo que es necesario respetar. Para conocer dicho procedimiento consulte la gu\u00eda <a href=\"http:\/\/ndcompassion.com\/wp-content\/uploads\/2016\/12\/Gu\u00eda-Procedimiento-para-la-consulta-de-las-obras.pdf\">aqu\u00ed<\/a> \u00a1Gracias por adelantado!.<\/p>\n<p>[\/et_pb_text][et_pb_text admin_label=\u00bbTexto descriptivo\u00bb background_layout=\u00bblight\u00bb text_orientation=\u00bbleft\u00bb use_border_color=\u00bboff\u00bb border_color=\u00bb#ffffff\u00bb border_style=\u00bbsolid\u00bb]<\/p>\n<p style=\"text-align: center;\">Estas son algunas muestras de la biblioteca del Padre fundador, haz click en las im\u00e1genes para visualizarlas en un tama\u00f1o mayor.<\/p>\n<p>[\/et_pb_text][et_pb_gallery admin_label=\u00bbGaler\u00eda biblioteca del Padre fundador\u00bb fullwidth=\u00bboff\u00bb posts_number=\u00bb25&#8243; show_title_and_caption=\u00bboff\u00bb show_pagination=\u00bbon\u00bb background_layout=\u00bblight\u00bb auto=\u00bboff\u00bb hover_overlay_color=\u00bbrgba(255,255,255,0.9)\u00bb caption_all_caps=\u00bboff\u00bb use_border_color=\u00bboff\u00bb border_color=\u00bb#ffffff\u00bb border_style=\u00bbsolid\u00bb gallery_ids=\u00bb436,438,440,442,444,446,448,450,452,454,456,458,460,462,464,466,468,470,472,474,476,478,480,482,484&#8243;]<br \/>\n[\/et_pb_gallery][et_pb_text admin_label=\u00bbTexto biblioteca 2\u00aa parte\u00bb background_layout=\u00bblight\u00bb text_orientation=\u00bbleft\u00bb use_border_color=\u00bboff\u00bb border_color=\u00bb#ffffff\u00bb border_style=\u00bbsolid\u00bb]<\/p>\n<p><a href=\"http:\/\/bibliotheque.ndcompassion.com\/opac_css\/?database=bibliotheque\" target=\"_blank\">Acceso al cat\u00e1logo on line<\/a><\/p>\n<p>Descripci\u00f3n de la organizaci\u00f3n del cat\u00e1logo\u00a0<a href='http:\/\/ndcompassion.com\/es\/biblioteca-del-padre-fundador\/acceso-al-catalogo-on-line\/' class='small-button smallorange'>Leer m\u00e1s<\/a><\/p>\n<p>[\/et_pb_text][\/et_pb_column][\/et_pb_row][\/et_pb_section]<\/p>\n","protected":false},"excerpt":{"rendered":"<p>La biblioteca que las Hermanas de Ntra. Sra. de la Compasi\u00f3n conservan desde la fundaci\u00f3n de la Congregaci\u00f3n en 1817, se compone de obras datadas desde mediados del siglo XVII hasta el siglo XX; y se trata tanto de textos tanto religiosos como seculares. La historia de la Congregaci\u00f3n, que estuvo dedicada en gran parte [&hellip;]<\/p>\n","protected":false},"author":1,"featured_media":0,"parent":0,"menu_order":0,"comment_status":"closed","ping_status":"closed","template":"","meta":{"_et_pb_use_builder":"on","_et_pb_old_content":"","_et_gb_content_width":"","footnotes":""},"class_list":["post-370","page","type-page","status-publish","hentry"],"_links":{"self":[{"href":"https:\/\/ndcompassion.com\/es\/wp-json\/wp\/v2\/pages\/370","targetHints":{"allow":["GET"]}}],"collection":[{"href":"https:\/\/ndcompassion.com\/es\/wp-json\/wp\/v2\/pages"}],"about":[{"href":"https:\/\/ndcompassion.com\/es\/wp-json\/wp\/v2\/types\/page"}],"author":[{"embeddable":true,"href":"https:\/\/ndcompassion.com\/es\/wp-json\/wp\/v2\/users\/1"}],"replies":[{"embeddable":true,"href":"https:\/\/ndcompassion.com\/es\/wp-json\/wp\/v2\/comments?post=370"}],"version-history":[{"count":27,"href":"https:\/\/ndcompassion.com\/es\/wp-json\/wp\/v2\/pages\/370\/revisions"}],"predecessor-version":[{"id":1260,"href":"https:\/\/ndcompassion.com\/es\/wp-json\/wp\/v2\/pages\/370\/revisions\/1260"}],"wp:attachment":[{"href":"https:\/\/ndcompassion.com\/es\/wp-json\/wp\/v2\/media?parent=370"}],"curies":[{"name":"wp","href":"https:\/\/api.w.org\/{rel}","templated":true}]}}