{"id":368,"date":"2016-06-09T23:16:50","date_gmt":"2016-06-09T23:16:50","guid":{"rendered":"http:\/\/ndcompassion.com\/es\/?page_id=368"},"modified":"2016-08-05T14:29:03","modified_gmt":"2016-08-05T14:29:03","slug":"museo-de-la-casa-madre","status":"publish","type":"page","link":"https:\/\/ndcompassion.com\/es\/museo-de-la-casa-madre\/","title":{"rendered":"Museo de la Casa Madre"},"content":{"rendered":"<p>[et_pb_section admin_label=\u00bbsection\u00bb][et_pb_row admin_label=\u00bbrow\u00bb][et_pb_column type=\u00bb4_4&#8243;][et_pb_post_title admin_label=\u00bbT\u00edtulo de publicaci\u00f3n\u00bb title=\u00bbon\u00bb meta=\u00bboff\u00bb author=\u00bbon\u00bb date=\u00bbon\u00bb categories=\u00bbon\u00bb comments=\u00bbon\u00bb featured_image=\u00bboff\u00bb featured_placement=\u00bbbelow\u00bb parallax_effect=\u00bbon\u00bb parallax_method=\u00bbon\u00bb text_orientation=\u00bbleft\u00bb text_color=\u00bbdark\u00bb text_background=\u00bboff\u00bb text_bg_color=\u00bbrgba(255,255,255,0.9)\u00bb module_bg_color=\u00bbrgba(255,255,255,0)\u00bb title_all_caps=\u00bbon\u00bb use_border_color=\u00bboff\u00bb border_color=\u00bb#ffffff\u00bb border_style=\u00bbsolid\u00bb] [\/et_pb_post_title][et_pb_text admin_label=\u00bbTexto historia Museo\u00bb background_layout=\u00bblight\u00bb text_orientation=\u00bbleft\u00bb use_border_color=\u00bboff\u00bb border_color=\u00bb#ffffff\u00bb border_style=\u00bbsolid\u00bb]<\/p>\n<p>Los objetos expuestos en el Museo de las Hermanas de Nuestra Se\u00f1ora de la Compasi\u00f3n, testigos de la obra y la historia del Instituto, han viajado mucho durante su existencia, o han estado dispersos por las innumerables salas del edificio que alberga la Casa Madre de la Congregaci\u00f3n: el \u201cColl\u00e8ge de Foix\u201d.<\/p>\n<p>En el siglo XX, en los albores de la d\u00e9cada de los 70, surgi\u00f3 la idea de organizar una Sala de Recuerdos que permitiera reunir todos esos objetos. As\u00ed naci\u00f3 el primer espacio dedicado a la memoria del Padre Fundador, Maurice Garrigou y de las primeras hermanas.<\/p>\n<p>En 2007, despu\u00e9s de una larga obra de remodelaci\u00f3n de todo el edificio, el museo tom\u00f3 su forma actual.<\/p>\n<p style=\"text-align: justify;\"><strong>Horario de acceso y \u00a0de atenci\u00f3n:<\/strong><\/p>\n<p style=\"text-align: justify;\">2 rue Antoine Deville, en Toulouse, el museo est\u00e1 abierto de 9 a 12h y de 14h a 17h, con cita previa.<\/p>\n<p style=\"text-align: justify;\">Feliz visita!<\/p>\n<p>[\/et_pb_text][et_pb_text admin_label=\u00bbTexto descriptivo\u00bb background_layout=\u00bblight\u00bb text_orientation=\u00bbleft\u00bb use_border_color=\u00bboff\u00bb border_color=\u00bb#ffffff\u00bb border_style=\u00bbsolid\u00bb]<\/p>\n<p style=\"text-align: center;\">Estas son algunas im\u00e1genes representativas del Museo de la Casa Madre, haz click en las im\u00e1genes para visualizarlas en un tama\u00f1o mayor.<\/p>\n<p>[\/et_pb_text][et_pb_gallery admin_label=\u00bbGaler\u00eda museo de la casa madre\u00bb gallery_ids=\u00bb388,390,401,403,405,407,409,411,413,415,417,419,421,423,425,427&#8243; fullwidth=\u00bboff\u00bb show_title_and_caption=\u00bboff\u00bb show_pagination=\u00bbon\u00bb background_layout=\u00bblight\u00bb auto=\u00bboff\u00bb hover_overlay_color=\u00bbrgba(255,255,255,0.9)\u00bb caption_all_caps=\u00bboff\u00bb use_border_color=\u00bboff\u00bb border_color=\u00bb#ffffff\u00bb border_style=\u00bbsolid\u00bb posts_number=\u00bb20&#8243;] [\/et_pb_gallery][\/et_pb_column][\/et_pb_row][\/et_pb_section]<\/p>\n","protected":false},"excerpt":{"rendered":"<p>Los objetos expuestos en el Museo de las Hermanas de Nuestra Se\u00f1ora de la Compasi\u00f3n, testigos de la obra y la historia del Instituto, han viajado mucho durante su existencia, o han estado dispersos por las innumerables salas del edificio que alberga la Casa Madre de la Congregaci\u00f3n: el \u201cColl\u00e8ge de Foix\u201d. En el siglo [&hellip;]<\/p>\n","protected":false},"author":1,"featured_media":0,"parent":0,"menu_order":0,"comment_status":"closed","ping_status":"closed","template":"","meta":{"_et_pb_use_builder":"on","_et_pb_old_content":"","_et_gb_content_width":"","footnotes":""},"class_list":["post-368","page","type-page","status-publish","hentry"],"_links":{"self":[{"href":"https:\/\/ndcompassion.com\/es\/wp-json\/wp\/v2\/pages\/368","targetHints":{"allow":["GET"]}}],"collection":[{"href":"https:\/\/ndcompassion.com\/es\/wp-json\/wp\/v2\/pages"}],"about":[{"href":"https:\/\/ndcompassion.com\/es\/wp-json\/wp\/v2\/types\/page"}],"author":[{"embeddable":true,"href":"https:\/\/ndcompassion.com\/es\/wp-json\/wp\/v2\/users\/1"}],"replies":[{"embeddable":true,"href":"https:\/\/ndcompassion.com\/es\/wp-json\/wp\/v2\/comments?post=368"}],"version-history":[{"count":13,"href":"https:\/\/ndcompassion.com\/es\/wp-json\/wp\/v2\/pages\/368\/revisions"}],"predecessor-version":[{"id":1137,"href":"https:\/\/ndcompassion.com\/es\/wp-json\/wp\/v2\/pages\/368\/revisions\/1137"}],"wp:attachment":[{"href":"https:\/\/ndcompassion.com\/es\/wp-json\/wp\/v2\/media?parent=368"}],"curies":[{"name":"wp","href":"https:\/\/api.w.org\/{rel}","templated":true}]}}