{"id":1246,"date":"2016-12-28T21:59:17","date_gmt":"2016-12-28T21:59:17","guid":{"rendered":"http:\/\/ndcompassion.com\/es\/?page_id=1246"},"modified":"2016-12-28T21:59:17","modified_gmt":"2016-12-28T21:59:17","slug":"acceso-al-catalogo-on-line","status":"publish","type":"page","link":"https:\/\/ndcompassion.com\/es\/biblioteca-del-padre-fundador\/acceso-al-catalogo-on-line\/","title":{"rendered":"Acceso al cat\u00e1logo on line"},"content":{"rendered":"<p><strong>Descripci\u00f3n de la organizaci\u00f3n del cat\u00e1logo:<\/strong><br \/>\nEl bot\u00f3n de Inicio, que permite regresar a la pantalla principal, se encuentra en la parte superior izquierda.<br \/>\nAll\u00ed mismo aparece el men\u00fa que le permite cambiar el idioma del cat\u00e1logo (pero los registros fueron escritos en franc\u00e9s).<br \/>\nLa p\u00e1gina de inicio contiene una barra de b\u00fasqueda y tambi\u00e9n proporciona acceso directo a algunas colecciones (museo o sala E. C., por ejemplo).<br \/>\nEl bot\u00f3n \u201c+\u201d a la izquierda de los t\u00edtulos de los Registros permite desplegarlos.<br \/>\nLa ubicaci\u00f3n y las referencias de copias (lado) aparecen bajo el ep\u00edgrafe de reservas.<br \/>\nAl igual que en cualquier cat\u00e1logo, son posibles diferentes tipos de b\u00fasqueda, desde la simple hasta la b\u00fasqueda con m\u00faltiples criterios.<br \/>\nLa b\u00fasqueda simple utiliza los elementos contenidos en el cuerpo general de los registros.<br \/>\nLa b\u00fasqueda multicriterio permite restringir las b\u00fasquedas a los elementos que m\u00e1s le interesan.<br \/>\nUsted puede escribir a nuestro archivista, si necesita ayuda.<\/p>\n","protected":false},"excerpt":{"rendered":"<p>Descripci\u00f3n de la organizaci\u00f3n del cat\u00e1logo: El bot\u00f3n de Inicio, que permite regresar a la pantalla principal, se encuentra en la parte superior izquierda. All\u00ed mismo aparece el men\u00fa que le permite cambiar el idioma del cat\u00e1logo (pero los registros fueron escritos en franc\u00e9s). La p\u00e1gina de inicio contiene una barra de b\u00fasqueda y tambi\u00e9n [&hellip;]<\/p>\n","protected":false},"author":1,"featured_media":0,"parent":370,"menu_order":0,"comment_status":"closed","ping_status":"closed","template":"","meta":{"_et_pb_use_builder":"","_et_pb_old_content":"","_et_gb_content_width":"","footnotes":""},"class_list":["post-1246","page","type-page","status-publish","hentry"],"_links":{"self":[{"href":"https:\/\/ndcompassion.com\/es\/wp-json\/wp\/v2\/pages\/1246","targetHints":{"allow":["GET"]}}],"collection":[{"href":"https:\/\/ndcompassion.com\/es\/wp-json\/wp\/v2\/pages"}],"about":[{"href":"https:\/\/ndcompassion.com\/es\/wp-json\/wp\/v2\/types\/page"}],"author":[{"embeddable":true,"href":"https:\/\/ndcompassion.com\/es\/wp-json\/wp\/v2\/users\/1"}],"replies":[{"embeddable":true,"href":"https:\/\/ndcompassion.com\/es\/wp-json\/wp\/v2\/comments?post=1246"}],"version-history":[{"count":1,"href":"https:\/\/ndcompassion.com\/es\/wp-json\/wp\/v2\/pages\/1246\/revisions"}],"predecessor-version":[{"id":1247,"href":"https:\/\/ndcompassion.com\/es\/wp-json\/wp\/v2\/pages\/1246\/revisions\/1247"}],"up":[{"embeddable":true,"href":"https:\/\/ndcompassion.com\/es\/wp-json\/wp\/v2\/pages\/370"}],"wp:attachment":[{"href":"https:\/\/ndcompassion.com\/es\/wp-json\/wp\/v2\/media?parent=1246"}],"curies":[{"name":"wp","href":"https:\/\/api.w.org\/{rel}","templated":true}]}}